{"id":3735,"date":"2024-06-04T14:46:55","date_gmt":"2024-06-04T14:46:55","guid":{"rendered":"https:\/\/rhp.solothurn-treuhand.ch\/?page_id=3735"},"modified":"2025-02-16T12:08:16","modified_gmt":"2025-02-16T12:08:16","slug":"treuhand-dienstleistungen","status":"publish","type":"page","link":"https:\/\/www.rh-partner.ch\/de\/treuhand-dienstleistungen\/","title":{"rendered":"Treuhand Dienstleistungen"},"content":{"rendered":"","protected":false},"excerpt":{"rendered":"","protected":false},"author":1,"featured_media":0,"parent":0,"menu_order":0,"comment_status":"closed","ping_status":"closed","template":"","meta":{"footnotes":""},"class_list":["post-3735","page","type-page","status-publish","hentry"],"yoast_head":"<!-- This site is optimized with the Yoast SEO plugin v23.7 - https:\/\/yoast.com\/wordpress\/plugins\/seo\/ -->\n<title>Treuhand Dienstleistungen - RHP R\u00fcfenacht Heer Partner<\/title>\n<meta name=\"description\" content=\"Treuhand in Solothurn und Grenchen: RHP unterst\u00fctz umfassend und interdisziplin\u00e4r in allen Fragen des Treuhandwesen. Unsere Treuhandexperten verf\u00fcgen \u00fcber langj\u00e4hrige Erfahrung und beraten mit viel Engagement.\" \/>\n<meta name=\"robots\" content=\"index, follow, max-snippet:-1, max-image-preview:large, max-video-preview:-1\" \/>\n<link rel=\"canonical\" href=\"https:\/\/www.rh-partner.ch\/de\/treuhand-dienstleistungen\/\" \/>\n<meta property=\"og:locale\" content=\"de_DE\" \/>\n<meta property=\"og:type\" content=\"article\" \/>\n<meta property=\"og:title\" content=\"Treuhand Dienstleistungen - RHP R\u00fcfenacht Heer Partner\" \/>\n<meta property=\"og:description\" content=\"Treuhand in Solothurn und Grenchen: RHP unterst\u00fctz umfassend und interdisziplin\u00e4r in allen Fragen des Treuhandwesen. Unsere Treuhandexperten verf\u00fcgen \u00fcber langj\u00e4hrige Erfahrung und beraten mit viel Engagement.\" \/>\n<meta property=\"og:url\" content=\"https:\/\/www.rh-partner.ch\/de\/treuhand-dienstleistungen\/\" \/>\n<meta property=\"og:site_name\" content=\"RHP R\u00fcfenacht Heer Partner\" \/>\n<meta property=\"article:modified_time\" content=\"2025-02-16T12:08:16+00:00\" \/>\n<meta name=\"twitter:card\" content=\"summary_large_image\" \/>\n<script type=\"application\/ld+json\" class=\"yoast-schema-graph\">{\"@context\":\"https:\/\/schema.org\",\"@graph\":[{\"@type\":\"WebPage\",\"@id\":\"https:\/\/www.rh-partner.ch\/de\/treuhand-dienstleistungen\/\",\"url\":\"https:\/\/www.rh-partner.ch\/de\/treuhand-dienstleistungen\/\",\"name\":\"Treuhand Dienstleistungen - RHP R\u00fcfenacht Heer Partner\",\"isPartOf\":{\"@id\":\"https:\/\/www.rh-partner.ch\/de\/#website\"},\"datePublished\":\"2024-06-04T14:46:55+00:00\",\"dateModified\":\"2025-02-16T12:08:16+00:00\",\"description\":\"Treuhand in Solothurn und Grenchen: RHP unterst\u00fctz umfassend und interdisziplin\u00e4r in allen Fragen des Treuhandwesen. Unsere Treuhandexperten verf\u00fcgen \u00fcber langj\u00e4hrige Erfahrung und beraten mit viel Engagement.\",\"breadcrumb\":{\"@id\":\"https:\/\/www.rh-partner.ch\/de\/treuhand-dienstleistungen\/#breadcrumb\"},\"inLanguage\":\"de\",\"potentialAction\":[{\"@type\":\"ReadAction\",\"target\":[\"https:\/\/www.rh-partner.ch\/de\/treuhand-dienstleistungen\/\"]}]},{\"@type\":\"BreadcrumbList\",\"@id\":\"https:\/\/www.rh-partner.ch\/de\/treuhand-dienstleistungen\/#breadcrumb\",\"itemListElement\":[{\"@type\":\"ListItem\",\"position\":1,\"name\":\"Startseite\",\"item\":\"https:\/\/www.rh-partner.ch\/de\/\"},{\"@type\":\"ListItem\",\"position\":2,\"name\":\"Treuhand Dienstleistungen\"}]},{\"@type\":\"WebSite\",\"@id\":\"https:\/\/www.rh-partner.ch\/de\/#website\",\"url\":\"https:\/\/www.rh-partner.ch\/de\/\",\"name\":\"RHP R\u00fcfenacht Heer Partner\",\"description\":\"Treuh\u00e4nder und Treuhand in Solothurn | Solothurn Treuhand\",\"publisher\":{\"@id\":\"https:\/\/www.rh-partner.ch\/de\/#organization\"},\"potentialAction\":[{\"@type\":\"SearchAction\",\"target\":{\"@type\":\"EntryPoint\",\"urlTemplate\":\"https:\/\/www.rh-partner.ch\/de\/?s={search_term_string}\"},\"query-input\":{\"@type\":\"PropertyValueSpecification\",\"valueRequired\":true,\"valueName\":\"search_term_string\"}}],\"inLanguage\":\"de\"},{\"@type\":\"Organization\",\"@id\":\"https:\/\/www.rh-partner.ch\/de\/#organization\",\"name\":\"RHP R\u00fcfenacht Heer Partner\",\"url\":\"https:\/\/www.rh-partner.ch\/de\/\",\"logo\":{\"@type\":\"ImageObject\",\"inLanguage\":\"de\",\"@id\":\"https:\/\/www.rh-partner.ch\/de\/#\/schema\/logo\/image\/\",\"url\":\"https:\/\/www.rh-partner.ch\/wp-content\/uploads\/2024\/08\/RHP_logopng-1.png\",\"contentUrl\":\"https:\/\/www.rh-partner.ch\/wp-content\/uploads\/2024\/08\/RHP_logopng-1.png\",\"width\":652,\"height\":204,\"caption\":\"RHP R\u00fcfenacht Heer Partner\"},\"image\":{\"@id\":\"https:\/\/www.rh-partner.ch\/de\/#\/schema\/logo\/image\/\"}}]}<\/script>\n<!-- \/ Yoast SEO plugin. -->","yoast_head_json":{"title":"Treuhand Dienstleistungen - RHP R\u00fcfenacht Heer Partner","description":"Treuhand in Solothurn und Grenchen: RHP unterst\u00fctz umfassend und interdisziplin\u00e4r in allen Fragen des Treuhandwesen. Unsere Treuhandexperten verf\u00fcgen \u00fcber langj\u00e4hrige Erfahrung und beraten mit viel Engagement.","robots":{"index":"index","follow":"follow","max-snippet":"max-snippet:-1","max-image-preview":"max-image-preview:large","max-video-preview":"max-video-preview:-1"},"canonical":"https:\/\/www.rh-partner.ch\/de\/treuhand-dienstleistungen\/","og_locale":"de_DE","og_type":"article","og_title":"Treuhand Dienstleistungen - RHP R\u00fcfenacht Heer Partner","og_description":"Treuhand in Solothurn und Grenchen: RHP unterst\u00fctz umfassend und interdisziplin\u00e4r in allen Fragen des Treuhandwesen. Unsere Treuhandexperten verf\u00fcgen \u00fcber langj\u00e4hrige Erfahrung und beraten mit viel Engagement.","og_url":"https:\/\/www.rh-partner.ch\/de\/treuhand-dienstleistungen\/","og_site_name":"RHP R\u00fcfenacht Heer Partner","article_modified_time":"2025-02-16T12:08:16+00:00","twitter_card":"summary_large_image","schema":{"@context":"https:\/\/schema.org","@graph":[{"@type":"WebPage","@id":"https:\/\/www.rh-partner.ch\/de\/treuhand-dienstleistungen\/","url":"https:\/\/www.rh-partner.ch\/de\/treuhand-dienstleistungen\/","name":"Treuhand Dienstleistungen - RHP R\u00fcfenacht Heer Partner","isPartOf":{"@id":"https:\/\/www.rh-partner.ch\/de\/#website"},"datePublished":"2024-06-04T14:46:55+00:00","dateModified":"2025-02-16T12:08:16+00:00","description":"Treuhand in Solothurn und Grenchen: RHP unterst\u00fctz umfassend und interdisziplin\u00e4r in allen Fragen des Treuhandwesen. Unsere Treuhandexperten verf\u00fcgen \u00fcber langj\u00e4hrige Erfahrung und beraten mit viel Engagement.","breadcrumb":{"@id":"https:\/\/www.rh-partner.ch\/de\/treuhand-dienstleistungen\/#breadcrumb"},"inLanguage":"de","potentialAction":[{"@type":"ReadAction","target":["https:\/\/www.rh-partner.ch\/de\/treuhand-dienstleistungen\/"]}]},{"@type":"BreadcrumbList","@id":"https:\/\/www.rh-partner.ch\/de\/treuhand-dienstleistungen\/#breadcrumb","itemListElement":[{"@type":"ListItem","position":1,"name":"Startseite","item":"https:\/\/www.rh-partner.ch\/de\/"},{"@type":"ListItem","position":2,"name":"Treuhand Dienstleistungen"}]},{"@type":"WebSite","@id":"https:\/\/www.rh-partner.ch\/de\/#website","url":"https:\/\/www.rh-partner.ch\/de\/","name":"RHP R\u00fcfenacht Heer Partner","description":"Treuh\u00e4nder und Treuhand in Solothurn | Solothurn Treuhand","publisher":{"@id":"https:\/\/www.rh-partner.ch\/de\/#organization"},"potentialAction":[{"@type":"SearchAction","target":{"@type":"EntryPoint","urlTemplate":"https:\/\/www.rh-partner.ch\/de\/?s={search_term_string}"},"query-input":{"@type":"PropertyValueSpecification","valueRequired":true,"valueName":"search_term_string"}}],"inLanguage":"de"},{"@type":"Organization","@id":"https:\/\/www.rh-partner.ch\/de\/#organization","name":"RHP R\u00fcfenacht Heer Partner","url":"https:\/\/www.rh-partner.ch\/de\/","logo":{"@type":"ImageObject","inLanguage":"de","@id":"https:\/\/www.rh-partner.ch\/de\/#\/schema\/logo\/image\/","url":"https:\/\/www.rh-partner.ch\/wp-content\/uploads\/2024\/08\/RHP_logopng-1.png","contentUrl":"https:\/\/www.rh-partner.ch\/wp-content\/uploads\/2024\/08\/RHP_logopng-1.png","width":652,"height":204,"caption":"RHP R\u00fcfenacht Heer Partner"},"image":{"@id":"https:\/\/www.rh-partner.ch\/de\/#\/schema\/logo\/image\/"}}]}},"_links":{"self":[{"href":"https:\/\/www.rh-partner.ch\/de\/wp-json\/wp\/v2\/pages\/3735","targetHints":{"allow":["GET"]}}],"collection":[{"href":"https:\/\/www.rh-partner.ch\/de\/wp-json\/wp\/v2\/pages"}],"about":[{"href":"https:\/\/www.rh-partner.ch\/de\/wp-json\/wp\/v2\/types\/page"}],"author":[{"embeddable":true,"href":"https:\/\/www.rh-partner.ch\/de\/wp-json\/wp\/v2\/users\/1"}],"replies":[{"embeddable":true,"href":"https:\/\/www.rh-partner.ch\/de\/wp-json\/wp\/v2\/comments?post=3735"}],"version-history":[{"count":1,"href":"https:\/\/www.rh-partner.ch\/de\/wp-json\/wp\/v2\/pages\/3735\/revisions"}],"predecessor-version":[{"id":3736,"href":"https:\/\/www.rh-partner.ch\/de\/wp-json\/wp\/v2\/pages\/3735\/revisions\/3736"}],"wp:attachment":[{"href":"https:\/\/www.rh-partner.ch\/de\/wp-json\/wp\/v2\/media?parent=3735"}],"curies":[{"name":"wp","href":"https:\/\/api.w.org\/{rel}","templated":true}]}}