{"id":4319,"date":"2024-06-09T06:23:52","date_gmt":"2024-06-09T06:23:52","guid":{"rendered":"https:\/\/rhp.solothurn-treuhand.ch\/?page_id=4319"},"modified":"2024-09-25T21:46:23","modified_gmt":"2024-09-25T21:46:23","slug":"branchen","status":"publish","type":"page","link":"https:\/\/www.rh-partner.ch\/de\/branchen\/","title":{"rendered":"Branchen"},"content":{"rendered":"<p><section data-bb-version=\"5.0.1\" id=\"bt_bb_section69e737dea7ede\" class=\"bt_bb_section bt_bb_layout_boxed_1000 bt_bb_vertical_align_top bt_bb_top_spacing_medium bt_bb_bottom_spacing_medium\"  data-bt-override-class=\"{&quot;bt_bb_top_spacing_&quot;:{&quot;current_class&quot;:&quot;bt_bb_top_spacing_medium&quot;,&quot;xxl&quot;:&quot;medium&quot;},&quot;bt_bb_bottom_spacing_&quot;:{&quot;current_class&quot;:&quot;bt_bb_bottom_spacing_medium&quot;,&quot;xxl&quot;:&quot;medium&quot;}}\"><div class=\"bt_bb_port\"><div class=\"bt_bb_cell\"><div class=\"bt_bb_cell_inner\"><div class=\"bt_bb_row \"  data-bt-override-class=\"{}\"><div class=\"bt_bb_row_holder\" ><div data-bb-version=\"4.9.8\"  class=\"bt_bb_column col-xl-12 col-xs-12 col-sm-12 col-md-12 col-lg-12 bt_bb_align_left bt_bb_padding_normal bt_bb_animation_fade_in animate\"  data-width=\"12\" data-bt-override-class=\"{&quot;bt_bb_align_&quot;:{&quot;current_class&quot;:&quot;bt_bb_align_left&quot;,&quot;xxl&quot;:&quot;left&quot;},&quot;bt_bb_padding_&quot;:{&quot;current_class&quot;:&quot;bt_bb_padding_normal&quot;,&quot;xxl&quot;:&quot;normal&quot;}}\"><div class=\"bt_bb_column_content bt_bb_vertical_align_top bt_bb_color_scheme_\"><div class=\"bt_bb_column_content_inner\"><div  class=\"bt_bb_text\" ><\/p>\n<p>RHP verf\u00fcgt \u00fcber langj\u00e4hrige Beratungserfahrung in den verschiedensten Gesch\u00e4ftszweigen. Branchen- und Kundenkenntnisse bilden die Basis f\u00fcr unsere, auf den Kundennutzen ausgerichtete, Beratungsdienstleistung.<\/p>\n<p>\n<\/div><div data-bb-version=\"4.9.8\" class=\"bt_bb_separator bt_bb_border_style_none bt_bb_top_spacing_normal bt_bb_bottom_spacing_normal\" data-bt-override-class=\"{&quot;bt_bb_top_spacing_&quot;:{&quot;current_class&quot;:&quot;bt_bb_top_spacing_normal&quot;,&quot;xxl&quot;:&quot;normal&quot;},&quot;bt_bb_bottom_spacing_&quot;:{&quot;current_class&quot;:&quot;bt_bb_bottom_spacing_normal&quot;,&quot;xxl&quot;:&quot;normal&quot;}}\"><\/div><div data-bb-version=\"4.9.8\" class=\"bt_bb_accordion bt_bb_color_scheme_5 bt_bb_style_outline bt_bb_shape_square\" style=\"; --accordion-primary-color:#191919; --accordion-secondary-color:#962d37;\" data-closed=closed><div class=\"bt_bb_accordion_item\"><div class=\"bt_bb_accordion_item_title\">\u00c4rzte und Praxisgemeinschaften<\/div><div class=\"bt_bb_accordion_item_content\"><div  class=\"bt_bb_text\" ><\/p>\n<p>Es gibt verschiedene Formen der Zusammenarbeit von mehreren \u00c4rzten. Ob als Aktiengesellschaft organisiert oder als Zusammenschluss in einer Kostengemeinschaft von selbst\u00e4ndig erwerbenden \u00c4rzten, gerne zeigen wir Ihnen Vor- und Nachteile der jeweiligen Organisationsform auf und unterst\u00fctzen Sie, die f\u00fcr Sie passende L\u00f6sung zu erarbeiten. Insbesondere im Zusammenhang mit Nachfolgeregelungen stellen sich Fragen um die Ausgestaltung von Eintritten und Austritten und damit verbundene Entsch\u00e4digungsanspr\u00fcche.<\/p>\n<p>\n<\/div><div class=\"bt_bb_separator bt_bb_border_style_none bt_bb_bottom_spacing_small\" data-bt-override-class=\"null\"><\/div><div data-bb-version=\"5.1.1\" class=\"bt_bb_button bt_bb_color_scheme_6 bt_bb_icon_color_scheme_4 bt_bb_style_filled bt_bb_size_small bt_bb_width_inline bt_bb_shape_inherit bt_bb_align_inherit\" style=\"; --button-primary-color:#ffffff; --button-secondary-color:#962d37;; --button-icon-primary-color:#962d37; --button-icon-secondary-color:#ffffff;\" data-bt-override-class=\"{&quot;bt_bb_size_&quot;:{&quot;current_class&quot;:&quot;bt_bb_size_small&quot;,&quot;xxl&quot;:&quot;small&quot;},&quot;bt_bb_align_&quot;:{&quot;current_class&quot;:&quot;bt_bb_align_inherit&quot;,&quot;xxl&quot;:&quot;inherit&quot;}}\"><a href=\"https:\/\/www.rh-partner.ch\/de\/treuhandberatung-arztpraxen\/\" target=\"_self\" class=\"bt_bb_link\" title=\"Weitere Informationen\"><span class=\"bt_bb_button_text\">Weitere Informationen<\/span><\/a><\/div><\/div><\/div><div class=\"bt_bb_accordion_item\"><div class=\"bt_bb_accordion_item_title\">Anwaltskanzleien<\/div><div class=\"bt_bb_accordion_item_content\"><div  class=\"bt_bb_text\" ><\/p>\n<p>Die Zusammenarbeit von mehreren Anw\u00e4lten kann in Form einer Aktiengesellschaft oder auch als Zusammenschluss von selbst\u00e4ndig erwerbenden Anw\u00e4lten organisiert werden, die als Kostengemeinschaft in Form einer einfachen Gesellschaft organisiert sind. Gerne zeigen wir Ihnen Vor- und Nachteile der jeweiligen Organisationsform auf und unterst\u00fctzen Sie, die f\u00fcr Sie passende L\u00f6sung zu erarbeiten.<br \/>\nInsbesondere im Zusammenhang mit Nachfolgeregelungen sowie Ein- und Austritten stellen sich Fragen um deren Ausgestaltung und damit verbundene Entsch\u00e4digungsanspr\u00fcche.<\/p>\n<p>\n<\/div><div class=\"bt_bb_separator bt_bb_border_style_none bt_bb_bottom_spacing_small\" data-bt-override-class=\"null\"><\/div><\/div><\/div><div class=\"bt_bb_accordion_item\"><div class=\"bt_bb_accordion_item_title\">Gewerbe - Handwerk<\/div><div class=\"bt_bb_accordion_item_content\"><div  class=\"bt_bb_text\" ><\/p>\n<p>Beim Gewerbe und den Handwerkern stellt sich oft die Frage nach der idealen Gesellschaftsform. Wir zeigen Vor- und Nachteile juristischer Personen gegen\u00fcber Einzelfirmen und Personengesellschaften auf, insbesondere im Hinblick auf steuerliche Konsequenzen. Nicht selten befinden sich im Gesch\u00e4fts-, resp. Anlageverm\u00f6gen Immobilien. Im Rahmen von Nachfolgeregelungen ist es empfehlenswert, Optionen, wie zum Beispiel die Herausnahme der Immobilien aus dem Verm\u00f6gen des Unternehmens, zu pr\u00fcfen.<\/p>\n<p>\n<\/div><div class=\"bt_bb_separator bt_bb_border_style_none bt_bb_bottom_spacing_small\" data-bt-override-class=\"null\"><\/div><\/div><\/div><div class=\"bt_bb_accordion_item\"><div class=\"bt_bb_accordion_item_title\">Immobilien<\/div><div class=\"bt_bb_accordion_item_content\"><div  class=\"bt_bb_text\" ><\/p>\n<p>Werden mehrere Immobilien im Privatverm\u00f6gen gehalten, stellt sich nicht selten die Frage der Gewerbsm\u00e4ssigkeit. Werden im privaten Verm\u00f6gen gehaltene Immobilien gewerbsm\u00e4ssig bewirtschaftet (sogenannter \u201eLiegenschaftenh\u00e4ndler\u201c), schliessen die Steuerbeh\u00f6rden m\u00f6glicherweise auf eine selbst\u00e4ndige Erwerbst\u00e4tigkeit, mit Folgen f\u00fcr die steuerliche und sozialversicherungsrechtliche Behandlung der betroffenen Liegenschaften. Ein \u00dcbertrag von Liegenschaften aus dem Privatverm\u00f6gen in eine juristische Person kann unter gewissen Umst\u00e4nden steuerfrei vollzogen werden und eine sinnvolle Alternative zur selbst\u00e4ndigen Erwerbst\u00e4tigkeit darstellen. Die Entwicklung und sp\u00e4tere Ver\u00e4usserung von Immobilien durch juristische Personen kann steuerlich anspruchsvoll sein, insbesondere wenn die juristische Person in verschiedenen Kantonen steuerpflichtig ist. Zudem muss bei einer allf\u00e4lligen MWST-Optierung der Optionsanteil sorgf\u00e4ltig und korrekt berechnet werden.<\/p>\n<p>\n<\/div><div class=\"bt_bb_separator bt_bb_border_style_none bt_bb_bottom_spacing_small\" data-bt-override-class=\"null\"><\/div><\/div><\/div><div class=\"bt_bb_accordion_item\"><div class=\"bt_bb_accordion_item_title\">Gemeinwesen - \u00f6ffentliche Verwaltung<\/div><div class=\"bt_bb_accordion_item_content\"><div  class=\"bt_bb_text\" ><\/p>\n<p>Das \u00fcberarbeitete, harmonisierte Rechnungslegungsmodell (HRM 2) f\u00fcr \u00f6ffentliche Verwaltungen ist seit dem 1. Januar 2016 zwingend f\u00fcr die Einwohnergemeinden des Kantons Solothurn anzuwenden. Die neuen Grunds\u00e4tze richten sich vermehrt an privatwirtschaftlichen Rechnungslegungsnormen aus. Zu einem sp\u00e4teren Zeitpunkt (voraussichtlich per 2021) folgt die \u00dcberf\u00fchrung der Jahresrechnungen der Kirchen- und B\u00fcrgergemeinden ebenfalls auf die Bestimmungen von HRM 2.<\/p>\n<p>Wir verf\u00fcgen \u00fcber die vom Gemeindegesetz verlangten Zulassungen sowie Bef\u00e4higungen und\u00a0k\u00f6nnen auf jahrelange Revisionserfahrung im Bereich der \u00f6ffentlichen Verwaltungen zur\u00fcckgreifen. Wir bieten eine Pr\u00fcfung der Jahresrechnung nach den neusten Pr\u00fcfungsmethoden und stellen damit sicher, dass die Pr\u00fcfung effizient durchgef\u00fchrt werden kann.<\/p>\n<p>Unsere Beratung umfasst zus\u00e4tzlich auch Themengebiete, wie das Plausibilisieren von Finanzpl\u00e4nen und Budgets. Ebenfalls unterst\u00fctzen wir Sie bei der Einf\u00fchrung des, voraussichtlich per 1. Januar 2018 formell zu implementierenden, internen Kontrollsystems (IKS).<\/p>\n<p>\n<\/div><div class=\"bt_bb_separator bt_bb_border_style_none bt_bb_bottom_spacing_small\" data-bt-override-class=\"null\"><\/div><\/div><\/div><div class=\"bt_bb_accordion_item\"><div class=\"bt_bb_accordion_item_title\">Industrie<\/div><div class=\"bt_bb_accordion_item_content\"><div  class=\"bt_bb_text\" ><\/p>\n<p>Bei aktion\u00e4rsgef\u00fchrten Industrieunternehmen stellt sich oft die Frage nach der idealen Gesellschaftsform. Wir zeigen Vor- und Nachteile juristischer Personen gegen\u00fcber Einzelfirmen und Personengesellschaften auf, insbesondere im Hinblick auf steuerliche Konsequenzen. Nicht selten befinden sich im Gesch\u00e4fts-, resp. Anlageverm\u00f6gen Immobilien. Im Rahmen von Nachfolgeregelungen ist es empfehlenswert, Optionen, wie zum Beispiel die Herausnahme der Immobilien aus dem Verm\u00f6gen des Unternehmens, zu pr\u00fcfen.<\/p>\n<p>\n<\/div><div class=\"bt_bb_separator bt_bb_border_style_none bt_bb_bottom_spacing_small\" data-bt-override-class=\"null\"><\/div><\/div><\/div><\/div><\/div><\/div><\/div><\/div><\/div><\/div><!-- cell_inner --><\/div><!-- cell --><\/div><!-- port --><\/section><section data-bb-version=\"5.0.1\" id=\"bt_bb_section69e737dea89ec\" class=\"bt_bb_section bt_bb_layout_wide\"  data-bt-override-class=\"null\"><div class=\"bt_bb_port\"><div class=\"bt_bb_cell\"><div class=\"bt_bb_cell_inner\"><div data-bb-version=\"5.0.1\" class=\"bt_bb_row  bt_bb_layout_special btOverlapRight\"  data-bt-override-class=\"{}\"><div class=\"bt_bb_row_holder\" ><div data-bb-version=\"5.0.1\"  class=\"bt_bb_column col-xl-6 col-xs-12 col-sm-6 col-md-6 col-lg-6 bt_bb_align_left bt_bb_color_scheme_6 bt_bb_padding_10\" style=\"; --column-primary-color:#ffffff; --column-secondary-color:#962d37;\" data-width=\"6\" data-bt-override-class=\"{&quot;bt_bb_align_&quot;:{&quot;current_class&quot;:&quot;bt_bb_align_left&quot;,&quot;xxl&quot;:&quot;left&quot;},&quot;bt_bb_padding_&quot;:{&quot;current_class&quot;:&quot;bt_bb_padding_10&quot;,&quot;xxl&quot;:&quot;10&quot;}}\"><div class=\"bt_bb_column_content bt_bb_vertical_align_top bt_bb_color_scheme_6\"><div class=\"bt_bb_column_content_inner\"><header data-bb-version=\"5.0.1\" class=\"bt_bb_headline bt_bb_dash_none bt_bb_size_medium bt_bb_align_inherit\" data-bt-override-class=\"{&quot;bt_bb_size_&quot;:{&quot;current_class&quot;:&quot;bt_bb_size_medium&quot;,&quot;xxl&quot;:&quot;medium&quot;},&quot;bt_bb_align_&quot;:{&quot;current_class&quot;:&quot;bt_bb_align_inherit&quot;,&quot;xxl&quot;:&quot;inherit&quot;}}\"><h3 class=\"bt_bb_headline_tag\"><span class=\"bt_bb_headline_content\"><span>Wir freuen uns auf Ihre Kontaktaufnahme<\/span><\/span><\/h3><\/header><div data-bb-version=\"5.0.1\" class=\"bt_bb_separator bt_bb_border_style_none bt_bb_top_spacing_small bt_bb_bottom_spacing_small\" data-bt-override-class=\"{&quot;bt_bb_top_spacing_&quot;:{&quot;current_class&quot;:&quot;bt_bb_top_spacing_small&quot;,&quot;xxl&quot;:&quot;small&quot;},&quot;bt_bb_bottom_spacing_&quot;:{&quot;current_class&quot;:&quot;bt_bb_bottom_spacing_small&quot;,&quot;xxl&quot;:&quot;small&quot;}}\"><\/div><div data-bb-version=\"5.0.1\" class=\"bt_bb_contact_form_7\">\n<div class=\"wpcf7 no-js\" id=\"wpcf7-f7-o1\" lang=\"de-DE\" dir=\"ltr\">\n<div class=\"screen-reader-response\"><p role=\"status\" aria-live=\"polite\" aria-atomic=\"true\"><\/p> <ul><\/ul><\/div>\n<form action=\"\/de\/wp-json\/wp\/v2\/pages\/4319#wpcf7-f7-o1\" method=\"post\" class=\"wpcf7-form init\" aria-label=\"Kontaktformular\" novalidate=\"novalidate\" data-status=\"init\">\n<div style=\"display: none;\">\n<input type=\"hidden\" name=\"_wpcf7\" value=\"7\" \/>\n<input type=\"hidden\" name=\"_wpcf7_version\" value=\"5.9.8\" \/>\n<input type=\"hidden\" name=\"_wpcf7_locale\" value=\"de_DE\" \/>\n<input type=\"hidden\" name=\"_wpcf7_unit_tag\" value=\"wpcf7-f7-o1\" \/>\n<input type=\"hidden\" name=\"_wpcf7_container_post\" value=\"0\" \/>\n<input type=\"hidden\" name=\"_wpcf7_posted_data_hash\" value=\"\" \/>\n<input type=\"hidden\" name=\"_wpcf7_recaptcha_response\" value=\"\" \/>\n<\/div>\n<p><label> Name und Vorname<br \/>\n<span class=\"wpcf7-form-control-wrap\" data-name=\"your-name\"><input size=\"40\" maxlength=\"400\" class=\"wpcf7-form-control wpcf7-text wpcf7-validates-as-required\" autocomplete=\"name\" aria-required=\"true\" aria-invalid=\"false\" value=\"\" type=\"text\" name=\"your-name\" \/><\/span> <\/label>\n<\/p>\n<p><label> E-Mail-Adresse<br \/>\n<span class=\"wpcf7-form-control-wrap\" data-name=\"your-email\"><input size=\"40\" maxlength=\"400\" class=\"wpcf7-form-control wpcf7-email wpcf7-validates-as-required wpcf7-text wpcf7-validates-as-email\" autocomplete=\"email-adresse\" aria-required=\"true\" aria-invalid=\"false\" value=\"\" type=\"email\" name=\"your-email\" \/><\/span> <\/label>\n<\/p>\n<p><label> Telefon<br \/>\n<span class=\"wpcf7-form-control-wrap\" data-name=\"your-telefon\"><input size=\"40\" maxlength=\"400\" class=\"wpcf7-form-control wpcf7-text wpcf7-validates-as-required\" autocomplete=\"telefon\" aria-required=\"true\" aria-invalid=\"false\" value=\"\" type=\"text\" name=\"your-telefon\" \/><\/span> <\/label>\n<\/p>\n<p><label> Postleitzahl und Wohnadresse<br \/>\n<span class=\"wpcf7-form-control-wrap\" data-name=\"your-adress\"><input size=\"40\" maxlength=\"400\" class=\"wpcf7-form-control wpcf7-text wpcf7-validates-as-required\" autocomplete=\"adresse\" aria-required=\"true\" aria-invalid=\"false\" value=\"\" type=\"text\" name=\"your-adress\" \/><\/span> <\/label>\n<\/p>\n<p><label> Ihre Anfrage<br \/>\n<span class=\"wpcf7-form-control-wrap\" data-name=\"your-message\"><textarea cols=\"40\" rows=\"10\" maxlength=\"2000\" class=\"wpcf7-form-control wpcf7-textarea\" aria-invalid=\"false\" name=\"your-message\"><\/textarea><\/span> <\/label>\n<\/p>\n<p><span class=\"wpcf7-form-control-wrap\" data-name=\"accept-this-1\"><span class=\"wpcf7-form-control wpcf7-acceptance\"><span class=\"wpcf7-list-item\"><label><input type=\"checkbox\" name=\"accept-this-1\" value=\"1\" aria-invalid=\"false\" \/><span class=\"wpcf7-list-item-label\">Ich habe die <a href=\"\/de\/treuhand-dienstleistungen\/datenschutzerklaerung\/\" target=\"_blank\">Datenschutzerkl\u00e4rung<\/a> gelesen und bin damit einverstanden.<\/span><\/label><\/span><\/span><\/span>\n<\/p>\n<p><input class=\"wpcf7-form-control wpcf7-submit has-spinner\" type=\"submit\" value=\"senden\" \/>\n<\/p><input type='hidden' class='wpcf7-pum' value='{\"closepopup\":false,\"closedelay\":0,\"openpopup\":false,\"openpopup_id\":0}' \/><div class=\"wpcf7-response-output\" aria-hidden=\"true\"><\/div>\n<\/form>\n<\/div>\n<\/div><\/div><\/div><\/div><div data-bb-version=\"5.0.1\"  class=\"bt_bb_column col-xl-6 col-xs-12 col-sm-6 col-md-6 col-lg-6 bt_bb_align_left bt_bb_padding_normal\"  data-width=\"6\" data-bt-override-class=\"{}\"><div class=\"bt_bb_column_content bt_bb_vertical_align_top bt_bb_color_scheme_\"><div class=\"bt_bb_column_content_inner\"><div data-bb-version=\"5.0.1\" class=\"bt_bb_image bt_bb_shape_square bt_bb_target_self bt_bb_align_inherit bt_bb_hover_style_simple bt_bb_content_display_always bt_bb_content_align_middle\" data-bt-override-class=\"{&quot;bt_bb_align_&quot;:{&quot;current_class&quot;:&quot;bt_bb_align_inherit&quot;,&quot;xxl&quot;:&quot;inherit&quot;},&quot;bt_bb_content_display_&quot;:{&quot;current_class&quot;:&quot;bt_bb_content_display_always&quot;,&quot;xxl&quot;:&quot;always&quot;}}\"><span><img loading=\"lazy\" decoding=\"async\" width=\"320\" height=\"400\" src=\"https:\/\/www.rh-partner.ch\/wp-content\/uploads\/2024\/06\/Ruefeancht-Mark_freigestellt-1508x1885-1-320x400.png\" class=\"attachment-boldthemes_small size-boldthemes_small\" alt=\"https:\/\/www.rh-partner.ch\/wp-content\/uploads\/2024\/06\/Ruefeancht-Mark_freigestellt-1508x1885-1-320x400.png\" data-full_image_src=\"https:\/\/www.rh-partner.ch\/wp-content\/uploads\/2024\/06\/Ruefeancht-Mark_freigestellt-1508x1885-1.png\" title=\"Ruefeancht-Mark_freigestellt-1508x1885\" srcset=\"https:\/\/www.rh-partner.ch\/wp-content\/uploads\/2024\/06\/Ruefeancht-Mark_freigestellt-1508x1885-1-320x400.png 320w, https:\/\/www.rh-partner.ch\/wp-content\/uploads\/2024\/06\/Ruefeancht-Mark_freigestellt-1508x1885-1-640x800.png 640w, https:\/\/www.rh-partner.ch\/wp-content\/uploads\/2024\/06\/Ruefeancht-Mark_freigestellt-1508x1885-1-1280x1600.png 1280w, https:\/\/www.rh-partner.ch\/wp-content\/uploads\/2024\/06\/Ruefeancht-Mark_freigestellt-1508x1885-1-768x960.png 768w, https:\/\/www.rh-partner.ch\/wp-content\/uploads\/2024\/06\/Ruefeancht-Mark_freigestellt-1508x1885-1-1229x1536.png 1229w, https:\/\/www.rh-partner.ch\/wp-content\/uploads\/2024\/06\/Ruefeancht-Mark_freigestellt-1508x1885-1.png 1508w\" sizes=\"auto, (max-width: 320px) 100vw, 320px\" \/><\/span><\/div><div data-bb-version=\"5.0.1\" class=\"bt_bb_separator bt_bb_border_style_none bt_bb_top_spacing_small bt_bb_bottom_spacing_small\" data-bt-override-class=\"{&quot;bt_bb_top_spacing_&quot;:{&quot;current_class&quot;:&quot;bt_bb_top_spacing_small&quot;,&quot;xxl&quot;:&quot;small&quot;},&quot;bt_bb_bottom_spacing_&quot;:{&quot;current_class&quot;:&quot;bt_bb_bottom_spacing_small&quot;,&quot;xxl&quot;:&quot;small&quot;}}\"><\/div><div data-bb-version=\"5.0.1\"  class=\"bt_bb_text\" ><\/p>\n<p><strong>Mark R\u00fcfenacht, Leiter Treuhand<\/strong><\/p>\n<p><em>dipl. Wirtschaftspr\u00fcfer \/ M.A. HSG<\/em><\/p>\n<p>\n<\/div><div data-bb-version=\"5.0.1\" class=\"bt_bb_separator bt_bb_border_style_none bt_bb_top_spacing_small bt_bb_bottom_spacing_small\" data-bt-override-class=\"{&quot;bt_bb_top_spacing_&quot;:{&quot;current_class&quot;:&quot;bt_bb_top_spacing_small&quot;,&quot;xxl&quot;:&quot;small&quot;},&quot;bt_bb_bottom_spacing_&quot;:{&quot;current_class&quot;:&quot;bt_bb_bottom_spacing_small&quot;,&quot;xxl&quot;:&quot;small&quot;}}\"><\/div><div data-bb-version=\"5.0.1\" class=\"bt_bb_icon bt_bb_style_outline bt_bb_size_small bt_bb_shape_circle bt_bb_target_self bt_bb_text_empty bt_bb_align_inherit\" data-bt-override-class=\"{&quot;bt_bb_size_&quot;:{&quot;current_class&quot;:&quot;bt_bb_size_small&quot;,&quot;xxl&quot;:&quot;small&quot;},&quot;bt_bb_align_&quot;:{&quot;current_class&quot;:&quot;bt_bb_align_inherit&quot;,&quot;xxl&quot;:&quot;inherit&quot;}}\"><span  data-ico-=\"\" class=\"bt_bb_icon_holder\"><\/span><\/div><div data-bb-version=\"5.0.1\" class=\"bt_bb_separator bt_bb_border_style_none bt_bb_top_spacing_small bt_bb_bottom_spacing_small\" data-bt-override-class=\"{&quot;bt_bb_top_spacing_&quot;:{&quot;current_class&quot;:&quot;bt_bb_top_spacing_small&quot;,&quot;xxl&quot;:&quot;small&quot;},&quot;bt_bb_bottom_spacing_&quot;:{&quot;current_class&quot;:&quot;bt_bb_bottom_spacing_small&quot;,&quot;xxl&quot;:&quot;small&quot;}}\"><\/div><div data-bb-version=\"5.0.1\" class=\"bt_bb_icon bt_bb_style_outline bt_bb_size_small bt_bb_shape_circle bt_bb_target_self bt_bb_text_empty bt_bb_align_inherit\" data-bt-override-class=\"{&quot;bt_bb_size_&quot;:{&quot;current_class&quot;:&quot;bt_bb_size_small&quot;,&quot;xxl&quot;:&quot;small&quot;},&quot;bt_bb_align_&quot;:{&quot;current_class&quot;:&quot;bt_bb_align_inherit&quot;,&quot;xxl&quot;:&quot;inherit&quot;}}\"><span  data-ico-=\"\" class=\"bt_bb_icon_holder\"><\/span><\/div><\/div><\/div><\/div><\/div><\/div><\/div><!-- cell_inner --><\/div><!-- cell --><\/div><!-- port --><\/section><\/p>\n","protected":false},"excerpt":{"rendered":"","protected":false},"author":3,"featured_media":0,"parent":0,"menu_order":0,"comment_status":"closed","ping_status":"closed","template":"","meta":{"footnotes":""},"class_list":["post-4319","page","type-page","status-publish","hentry"],"yoast_head":"<!-- This site is optimized with the Yoast SEO plugin v23.7 - https:\/\/yoast.com\/wordpress\/plugins\/seo\/ -->\n<title>Branchen - RHP R\u00fcfenacht Heer Partner<\/title>\n<meta name=\"robots\" content=\"index, follow, max-snippet:-1, max-image-preview:large, max-video-preview:-1\" \/>\n<link rel=\"canonical\" href=\"https:\/\/www.rh-partner.ch\/de\/branchen\/\" \/>\n<meta property=\"og:locale\" content=\"de_DE\" \/>\n<meta property=\"og:type\" content=\"article\" \/>\n<meta property=\"og:title\" content=\"Branchen - RHP R\u00fcfenacht Heer Partner\" \/>\n<meta property=\"og:url\" content=\"https:\/\/www.rh-partner.ch\/de\/branchen\/\" \/>\n<meta property=\"og:site_name\" content=\"RHP R\u00fcfenacht Heer Partner\" \/>\n<meta property=\"article:modified_time\" content=\"2024-09-25T21:46:23+00:00\" \/>\n<meta name=\"twitter:card\" content=\"summary_large_image\" \/>\n<meta name=\"twitter:label1\" content=\"Gesch\u00e4tzte Lesezeit\" \/>\n\t<meta name=\"twitter:data1\" content=\"7\u00a0Minuten\" \/>\n<script type=\"application\/ld+json\" class=\"yoast-schema-graph\">{\"@context\":\"https:\/\/schema.org\",\"@graph\":[{\"@type\":\"WebPage\",\"@id\":\"https:\/\/www.rh-partner.ch\/de\/branchen\/\",\"url\":\"https:\/\/www.rh-partner.ch\/de\/branchen\/\",\"name\":\"Branchen - RHP R\u00fcfenacht Heer Partner\",\"isPartOf\":{\"@id\":\"https:\/\/www.rh-partner.ch\/de\/#website\"},\"datePublished\":\"2024-06-09T06:23:52+00:00\",\"dateModified\":\"2024-09-25T21:46:23+00:00\",\"breadcrumb\":{\"@id\":\"https:\/\/www.rh-partner.ch\/de\/branchen\/#breadcrumb\"},\"inLanguage\":\"de\",\"potentialAction\":[{\"@type\":\"ReadAction\",\"target\":[\"https:\/\/www.rh-partner.ch\/de\/branchen\/\"]}]},{\"@type\":\"BreadcrumbList\",\"@id\":\"https:\/\/www.rh-partner.ch\/de\/branchen\/#breadcrumb\",\"itemListElement\":[{\"@type\":\"ListItem\",\"position\":1,\"name\":\"Startseite\",\"item\":\"https:\/\/www.rh-partner.ch\/de\/\"},{\"@type\":\"ListItem\",\"position\":2,\"name\":\"Branchen\"}]},{\"@type\":\"WebSite\",\"@id\":\"https:\/\/www.rh-partner.ch\/de\/#website\",\"url\":\"https:\/\/www.rh-partner.ch\/de\/\",\"name\":\"RHP R\u00fcfenacht Heer Partner\",\"description\":\"Treuh\u00e4nder und Treuhand in Solothurn | Solothurn Treuhand\",\"publisher\":{\"@id\":\"https:\/\/www.rh-partner.ch\/de\/#organization\"},\"potentialAction\":[{\"@type\":\"SearchAction\",\"target\":{\"@type\":\"EntryPoint\",\"urlTemplate\":\"https:\/\/www.rh-partner.ch\/de\/?s={search_term_string}\"},\"query-input\":{\"@type\":\"PropertyValueSpecification\",\"valueRequired\":true,\"valueName\":\"search_term_string\"}}],\"inLanguage\":\"de\"},{\"@type\":\"Organization\",\"@id\":\"https:\/\/www.rh-partner.ch\/de\/#organization\",\"name\":\"RHP R\u00fcfenacht Heer Partner\",\"url\":\"https:\/\/www.rh-partner.ch\/de\/\",\"logo\":{\"@type\":\"ImageObject\",\"inLanguage\":\"de\",\"@id\":\"https:\/\/www.rh-partner.ch\/de\/#\/schema\/logo\/image\/\",\"url\":\"https:\/\/www.rh-partner.ch\/wp-content\/uploads\/2024\/08\/RHP_logopng-1.png\",\"contentUrl\":\"https:\/\/www.rh-partner.ch\/wp-content\/uploads\/2024\/08\/RHP_logopng-1.png\",\"width\":652,\"height\":204,\"caption\":\"RHP R\u00fcfenacht Heer Partner\"},\"image\":{\"@id\":\"https:\/\/www.rh-partner.ch\/de\/#\/schema\/logo\/image\/\"}}]}<\/script>\n<!-- \/ Yoast SEO plugin. -->","yoast_head_json":{"title":"Branchen - RHP R\u00fcfenacht Heer Partner","robots":{"index":"index","follow":"follow","max-snippet":"max-snippet:-1","max-image-preview":"max-image-preview:large","max-video-preview":"max-video-preview:-1"},"canonical":"https:\/\/www.rh-partner.ch\/de\/branchen\/","og_locale":"de_DE","og_type":"article","og_title":"Branchen - RHP R\u00fcfenacht Heer Partner","og_url":"https:\/\/www.rh-partner.ch\/de\/branchen\/","og_site_name":"RHP R\u00fcfenacht Heer Partner","article_modified_time":"2024-09-25T21:46:23+00:00","twitter_card":"summary_large_image","twitter_misc":{"Gesch\u00e4tzte Lesezeit":"7\u00a0Minuten"},"schema":{"@context":"https:\/\/schema.org","@graph":[{"@type":"WebPage","@id":"https:\/\/www.rh-partner.ch\/de\/branchen\/","url":"https:\/\/www.rh-partner.ch\/de\/branchen\/","name":"Branchen - RHP R\u00fcfenacht Heer Partner","isPartOf":{"@id":"https:\/\/www.rh-partner.ch\/de\/#website"},"datePublished":"2024-06-09T06:23:52+00:00","dateModified":"2024-09-25T21:46:23+00:00","breadcrumb":{"@id":"https:\/\/www.rh-partner.ch\/de\/branchen\/#breadcrumb"},"inLanguage":"de","potentialAction":[{"@type":"ReadAction","target":["https:\/\/www.rh-partner.ch\/de\/branchen\/"]}]},{"@type":"BreadcrumbList","@id":"https:\/\/www.rh-partner.ch\/de\/branchen\/#breadcrumb","itemListElement":[{"@type":"ListItem","position":1,"name":"Startseite","item":"https:\/\/www.rh-partner.ch\/de\/"},{"@type":"ListItem","position":2,"name":"Branchen"}]},{"@type":"WebSite","@id":"https:\/\/www.rh-partner.ch\/de\/#website","url":"https:\/\/www.rh-partner.ch\/de\/","name":"RHP R\u00fcfenacht Heer Partner","description":"Treuh\u00e4nder und Treuhand in Solothurn | Solothurn Treuhand","publisher":{"@id":"https:\/\/www.rh-partner.ch\/de\/#organization"},"potentialAction":[{"@type":"SearchAction","target":{"@type":"EntryPoint","urlTemplate":"https:\/\/www.rh-partner.ch\/de\/?s={search_term_string}"},"query-input":{"@type":"PropertyValueSpecification","valueRequired":true,"valueName":"search_term_string"}}],"inLanguage":"de"},{"@type":"Organization","@id":"https:\/\/www.rh-partner.ch\/de\/#organization","name":"RHP R\u00fcfenacht Heer Partner","url":"https:\/\/www.rh-partner.ch\/de\/","logo":{"@type":"ImageObject","inLanguage":"de","@id":"https:\/\/www.rh-partner.ch\/de\/#\/schema\/logo\/image\/","url":"https:\/\/www.rh-partner.ch\/wp-content\/uploads\/2024\/08\/RHP_logopng-1.png","contentUrl":"https:\/\/www.rh-partner.ch\/wp-content\/uploads\/2024\/08\/RHP_logopng-1.png","width":652,"height":204,"caption":"RHP R\u00fcfenacht Heer Partner"},"image":{"@id":"https:\/\/www.rh-partner.ch\/de\/#\/schema\/logo\/image\/"}}]}},"_links":{"self":[{"href":"https:\/\/www.rh-partner.ch\/de\/wp-json\/wp\/v2\/pages\/4319","targetHints":{"allow":["GET"]}}],"collection":[{"href":"https:\/\/www.rh-partner.ch\/de\/wp-json\/wp\/v2\/pages"}],"about":[{"href":"https:\/\/www.rh-partner.ch\/de\/wp-json\/wp\/v2\/types\/page"}],"author":[{"embeddable":true,"href":"https:\/\/www.rh-partner.ch\/de\/wp-json\/wp\/v2\/users\/3"}],"replies":[{"embeddable":true,"href":"https:\/\/www.rh-partner.ch\/de\/wp-json\/wp\/v2\/comments?post=4319"}],"version-history":[{"count":76,"href":"https:\/\/www.rh-partner.ch\/de\/wp-json\/wp\/v2\/pages\/4319\/revisions"}],"predecessor-version":[{"id":7264,"href":"https:\/\/www.rh-partner.ch\/de\/wp-json\/wp\/v2\/pages\/4319\/revisions\/7264"}],"wp:attachment":[{"href":"https:\/\/www.rh-partner.ch\/de\/wp-json\/wp\/v2\/media?parent=4319"}],"curies":[{"name":"wp","href":"https:\/\/api.w.org\/{rel}","templated":true}]}}