{"id":5215,"date":"2024-07-05T08:56:16","date_gmt":"2024-07-05T08:56:16","guid":{"rendered":"https:\/\/rhp.solothurn-treuhand.ch\/?page_id=5215"},"modified":"2025-06-02T10:07:44","modified_gmt":"2025-06-02T10:07:44","slug":"dominik-tomas","status":"publish","type":"page","link":"https:\/\/www.rh-partner.ch\/de\/team\/dominik-tomas\/","title":{"rendered":"Dominik Tomas"},"content":{"rendered":"<section data-bb-version=\"4.9.8\" id=\"bt_bb_section69f550358c08f\" class=\"bt_bb_section bt_bb_layout_boxed_1200 bt_bb_vertical_align_top bt_bb_top_spacing_none bt_bb_bottom_spacing_none bt_bb_negative_margin_large\"  data-bt-override-class=\"{&quot;bt_bb_top_spacing_&quot;:{&quot;current_class&quot;:&quot;bt_bb_top_spacing_none&quot;,&quot;xxl&quot;:&quot;none&quot;},&quot;bt_bb_bottom_spacing_&quot;:{&quot;current_class&quot;:&quot;bt_bb_bottom_spacing_none&quot;,&quot;xxl&quot;:&quot;none&quot;}}\"><div class=\"bt_bb_port\"><div class=\"bt_bb_cell\"><div class=\"bt_bb_cell_inner\"><div data-bb-version=\"4.9.8\" class=\"bt_bb_row \"  data-bt-override-class=\"{}\"><div class=\"bt_bb_row_holder\" ><div data-bb-version=\"4.9.8\"  class=\"bt_bb_column col-xl-6 col-xs-12 col-sm-6 col-md-6 col-lg-6 bt_bb_align_right bt_bb_padding_normal\"  data-width=\"6\" data-bt-override-class=\"{&quot;bt_bb_align_&quot;:{&quot;current_class&quot;:&quot;bt_bb_align_right&quot;,&quot;xxl&quot;:&quot;right&quot;},&quot;bt_bb_padding_&quot;:{&quot;current_class&quot;:&quot;bt_bb_padding_normal&quot;,&quot;xxl&quot;:&quot;normal&quot;}}\"><div class=\"bt_bb_column_content bt_bb_vertical_align_top bt_bb_color_scheme_\"><div class=\"bt_bb_column_content_inner\"><div data-bb-version=\"5.2.0\" class=\"bt_bb_image bt_bb_shape_square bt_bb_target_self bt_bb_align_inherit bt_bb_hover_style_simple bt_bb_content_display_always bt_bb_content_align_middle\" data-bt-override-class=\"{&quot;bt_bb_align_&quot;:{&quot;current_class&quot;:&quot;bt_bb_align_inherit&quot;,&quot;xxl&quot;:&quot;inherit&quot;},&quot;bt_bb_content_display_&quot;:{&quot;current_class&quot;:&quot;bt_bb_content_display_always&quot;,&quot;xxl&quot;:&quot;always&quot;}}\"><span><img loading=\"lazy\" decoding=\"async\" width=\"320\" height=\"400\" src=\"https:\/\/www.rh-partner.ch\/wp-content\/uploads\/2025\/05\/Tomas-Dominik-_WEB-320x400.jpg\" class=\"attachment-boldthemes_small size-boldthemes_small\" alt=\"https:\/\/www.rh-partner.ch\/wp-content\/uploads\/2025\/05\/Tomas-Dominik-_WEB-320x400.jpg\" data-full_image_src=\"https:\/\/www.rh-partner.ch\/wp-content\/uploads\/2025\/05\/Tomas-Dominik-_WEB.jpg\" title=\"Tomas Dominik _WEB\" srcset=\"https:\/\/www.rh-partner.ch\/wp-content\/uploads\/2025\/05\/Tomas-Dominik-_WEB-320x400.jpg 320w, https:\/\/www.rh-partner.ch\/wp-content\/uploads\/2025\/05\/Tomas-Dominik-_WEB-640x800.jpg 640w, https:\/\/www.rh-partner.ch\/wp-content\/uploads\/2025\/05\/Tomas-Dominik-_WEB-768x960.jpg 768w, https:\/\/www.rh-partner.ch\/wp-content\/uploads\/2025\/05\/Tomas-Dominik-_WEB.jpg 1092w\" sizes=\"auto, (max-width: 320px) 100vw, 320px\" \/><\/span><\/div><div class=\"bt_bb_separator bt_bb_border_style_none bt_bb_bottom_spacing_extra_large\" data-bt-override-class=\"null\"><\/div><\/div><\/div><\/div><div data-bb-version=\"4.9.8\"  class=\"bt_bb_column col-xl-6 col-xs-12 col-sm-6 col-md-6 col-lg-6 bt_bb_align_left bt_bb_padding_normal bt_bb_animation_fade_in animate\"  data-width=\"6\" data-bt-override-class=\"{&quot;bt_bb_align_&quot;:{&quot;current_class&quot;:&quot;bt_bb_align_left&quot;,&quot;xxl&quot;:&quot;left&quot;},&quot;bt_bb_padding_&quot;:{&quot;current_class&quot;:&quot;bt_bb_padding_normal&quot;,&quot;xxl&quot;:&quot;normal&quot;}}\"><div class=\"bt_bb_column_content bt_bb_vertical_align_top bt_bb_color_scheme_\"><div class=\"bt_bb_column_content_inner\"><header data-bb-version=\"5.2.0\" class=\"bt_bb_headline bt_bb_color_scheme_5 bt_bb_dash_none bt_bb_superheadline bt_bb_subheadline bt_bb_size_normal bt_bb_align_inherit btNoHeadline\" style=\"; --primary-color:#191919; --secondary-color:#962d37;\" data-bt-override-class=\"{&quot;bt_bb_size_&quot;:{&quot;current_class&quot;:&quot;bt_bb_size_normal&quot;,&quot;xxl&quot;:&quot;normal&quot;},&quot;bt_bb_align_&quot;:{&quot;current_class&quot;:&quot;bt_bb_align_inherit&quot;,&quot;xxl&quot;:&quot;inherit&quot;}}\"><h4 class=\"bt_bb_headline_tag\"><span class=\"bt_bb_headline_superheadline\">Senior Manager<\/span><\/h4><div class=\"bt_bb_headline_subheadline\">Dipl. Treuhandexperte \/ zugelassener Revisionsexperte RAB<\/div><\/header><div class=\"bt_bb_separator bt_bb_border_style_none bt_bb_bottom_spacing_medium\" data-bt-override-class=\"null\"><\/div><div class=\" bt_bb_row_inner\"   data-bt-override-class=\"{}\"><div class=\"bt_bb_row_inner_holder\"  ><div  class=\"bt_bb_column_inner col-xl-6 bt_bb_align_left bt_bb_vertical_align_top bt_bb_padding_normal\"  data-width=\"6\" data-bt-override-class=\"{}\"><div class=\"bt_bb_column_inner_content\"><div data-bb-version=\"4.9.8\" class=\"bt_bb_service bt_bb_color_scheme_14 bt_bb_style_borderless bt_bb_size_normal bt_bb_shape_square bt_bb_align_left bt_bb_title_color_scheme_13\" style=\"; --service-primary-color:#000000; --service-secondary-color:#962d37;; --service-title-primary-color:#962d37; --service-title-secondary-color:#000000;\"><span  data-ico-icon7stroke=\"&#xe63b;\" class=\"bt_bb_icon_holder\"><\/span><div class=\"bt_bb_service_content\"><div class=\"bt_bb_service_content_title\">E-Mail<\/div><div class=\"bt_bb_service_content_text\">dominik.tomas@rh-partner.ch<\/div><\/div><\/div><div class=\"bt_bb_separator bt_bb_border_style_none bt_bb_bottom_spacing_normal bt_bb_hidden_md bt_bb_hidden_lg\" data-bt-override-class=\"null\"><\/div><\/div><\/div><div  class=\"bt_bb_column_inner col-xl-6 bt_bb_align_left bt_bb_vertical_align_top bt_bb_padding_normal\"  data-width=\"6\" data-bt-override-class=\"{}\"><div class=\"bt_bb_column_inner_content\"><div data-bb-version=\"4.9.8\" class=\"bt_bb_service bt_bb_color_scheme_14 bt_bb_style_borderless bt_bb_size_normal bt_bb_shape_square bt_bb_align_left bt_bb_title_color_scheme_13\" style=\"; --service-primary-color:#000000; --service-secondary-color:#962d37;; --service-title-primary-color:#962d37; --service-title-secondary-color:#000000;\"><span  data-ico-icon7stroke=\"&#xe6b5;\" class=\"bt_bb_icon_holder\"><\/span><div class=\"bt_bb_service_content\"><div class=\"bt_bb_service_content_title\">Telefon<\/div><div class=\"bt_bb_service_content_text\">+41 32 613 20 30<\/div><\/div><\/div><\/div><\/div><\/div><\/div><div class=\"bt_bb_separator bt_bb_border_style_solid bt_bb_top_spacing_normal bt_bb_bottom_spacing_normal bt_bb_color_dark\" data-bt-override-class=\"null\"><\/div><div  class=\"bt_bb_text\" ><\/p>\n<p>Dominik Tomas arbeitet seit dem Jahr 2025 bei RHP als Treuhandexperte. Vor seinem Einstieg bei RHP arbeitete er in verschiedenen Treuhandunternehmen und war in den Bereichen Wirtschaftspr\u00fcfung, Unternehmens- und Wirtschaftsberatung sowie der Betreuung internationaler Mandate t\u00e4tig. Dabei sammelte er Erfahrung in unterschiedlichen Branchen wie z.B. Softwareentwicklung, Versicherungen, Handel, Industrie und Pharma. Er gr\u00fcndete zudem mit Gesch\u00e4ftspartnern eine eigene Gesellschaft zur Herstellung und Vertrieb von elektronischen Ger\u00e4ten.<\/p>\n<p>Dominik Tomas hat im Jahr 2015 die Ausbildung zum Treuh\u00e4nder mit eidgen\u00f6ssischem Fachausweis abgeschlossen. Sp\u00e4ter hat er im Jahr 2021 die Weiterbildung zum diplomierten Treuhandexperten absolviert und anschliessend im 2023 den MAS in Treuhand und Unternehmensberatung erworben. Dominik Tomas ist ausserdem zugelassener Revisionsexperte bei der RAB.<\/p>\n<p><strong>Fachgebiete<\/strong><\/p>\n<ul>\n<li>Wirtschaftspr\u00fcfung<\/li>\n<li>Unternehmens- und Wirtschaftsberatung<\/li>\n<li>Rechnungslegung und finanzielle Berichterstattung<\/li>\n<li>Nationale und grenz\u00fcberschreitende Steuerberatung<\/li>\n<\/ul>\n<p><strong>Sprachen<\/strong><\/p>\n<ul>\n<li>Deutsch \/ Englisch<\/li>\n<\/ul>\n<p>\n<\/div><div class=\"bt_bb_separator bt_bb_border_style_none bt_bb_bottom_spacing_normal\" data-bt-override-class=\"null\"><\/div><div class=\"bt_bb_icon bt_bb_color_scheme_6 bt_bb_style_filled bt_bb_size_small bt_bb_shape_square bt_bb_target_blank bt_bb_text_empty bt_bb_align_inherit\" style=\"; --primary-color:#ffffff; --secondary-color:#962d37;\" data-bt-override-class=\"{}\"><a href=\"https:\/\/www.facebook.com\/boldthemes\/\"  target=\"_blank\"   data-ico-=\"\" class=\"bt_bb_icon_holder\"><\/a><\/div><div class=\"bt_bb_icon bt_bb_color_scheme_6 bt_bb_style_filled bt_bb_size_small bt_bb_shape_square bt_bb_target_blank bt_bb_text_empty bt_bb_align_inherit\" style=\"; --primary-color:#ffffff; --secondary-color:#962d37;\" data-bt-override-class=\"{}\"><a href=\"https:\/\/twitter.com\/bold_themes\"  target=\"_blank\"   data-ico-=\"\" class=\"bt_bb_icon_holder\"><\/a><\/div><div class=\"bt_bb_icon bt_bb_color_scheme_6 bt_bb_style_filled bt_bb_size_small bt_bb_shape_square bt_bb_target_blank bt_bb_text_empty bt_bb_align_inherit\" style=\"; --primary-color:#ffffff; --secondary-color:#962d37;\" data-bt-override-class=\"{}\"><a href=\"https:\/\/www.instagram.com\/bold_themes\/?hl=sr\"  target=\"_blank\"   data-ico-=\"\" class=\"bt_bb_icon_holder\"><\/a><\/div><div class=\"bt_bb_separator bt_bb_border_style_none bt_bb_bottom_spacing_small\" data-bt-override-class=\"null\"><\/div><\/div><\/div><\/div><\/div><\/div><\/div><!-- cell_inner --><\/div><!-- cell --><\/div><!-- port --><\/section>\n","protected":false},"excerpt":{"rendered":"","protected":false},"author":3,"featured_media":0,"parent":1407,"menu_order":0,"comment_status":"closed","ping_status":"closed","template":"","meta":{"footnotes":""},"class_list":["post-5215","page","type-page","status-publish","hentry"],"yoast_head":"<!-- This site is optimized with the Yoast SEO plugin v23.7 - https:\/\/yoast.com\/wordpress\/plugins\/seo\/ -->\n<title>Dominik Tomas - RHP R\u00fcfenacht Heer Partner<\/title>\n<meta name=\"robots\" content=\"index, follow, max-snippet:-1, max-image-preview:large, max-video-preview:-1\" \/>\n<link rel=\"canonical\" href=\"https:\/\/www.rh-partner.ch\/de\/team\/dominik-tomas\/\" \/>\n<meta property=\"og:locale\" content=\"de_DE\" \/>\n<meta property=\"og:type\" content=\"article\" \/>\n<meta property=\"og:title\" content=\"Dominik Tomas - RHP R\u00fcfenacht Heer Partner\" \/>\n<meta property=\"og:url\" content=\"https:\/\/www.rh-partner.ch\/de\/team\/dominik-tomas\/\" \/>\n<meta property=\"og:site_name\" content=\"RHP R\u00fcfenacht Heer Partner\" \/>\n<meta property=\"article:modified_time\" content=\"2025-06-02T10:07:44+00:00\" \/>\n<meta name=\"twitter:card\" content=\"summary_large_image\" \/>\n<meta name=\"twitter:label1\" content=\"Gesch\u00e4tzte Lesezeit\" \/>\n\t<meta name=\"twitter:data1\" content=\"2\u00a0Minuten\" \/>\n<script type=\"application\/ld+json\" class=\"yoast-schema-graph\">{\"@context\":\"https:\/\/schema.org\",\"@graph\":[{\"@type\":\"WebPage\",\"@id\":\"https:\/\/www.rh-partner.ch\/de\/team\/dominik-tomas\/\",\"url\":\"https:\/\/www.rh-partner.ch\/de\/team\/dominik-tomas\/\",\"name\":\"Dominik Tomas - RHP R\u00fcfenacht Heer Partner\",\"isPartOf\":{\"@id\":\"https:\/\/www.rh-partner.ch\/de\/#website\"},\"datePublished\":\"2024-07-05T08:56:16+00:00\",\"dateModified\":\"2025-06-02T10:07:44+00:00\",\"breadcrumb\":{\"@id\":\"https:\/\/www.rh-partner.ch\/de\/team\/dominik-tomas\/#breadcrumb\"},\"inLanguage\":\"de\",\"potentialAction\":[{\"@type\":\"ReadAction\",\"target\":[\"https:\/\/www.rh-partner.ch\/de\/team\/dominik-tomas\/\"]}]},{\"@type\":\"BreadcrumbList\",\"@id\":\"https:\/\/www.rh-partner.ch\/de\/team\/dominik-tomas\/#breadcrumb\",\"itemListElement\":[{\"@type\":\"ListItem\",\"position\":1,\"name\":\"Startseite\",\"item\":\"https:\/\/www.rh-partner.ch\/de\/\"},{\"@type\":\"ListItem\",\"position\":2,\"name\":\"Team\",\"item\":\"https:\/\/www.rh-partner.ch\/de\/team\/\"},{\"@type\":\"ListItem\",\"position\":3,\"name\":\"Dominik Tomas\"}]},{\"@type\":\"WebSite\",\"@id\":\"https:\/\/www.rh-partner.ch\/de\/#website\",\"url\":\"https:\/\/www.rh-partner.ch\/de\/\",\"name\":\"RHP R\u00fcfenacht Heer Partner\",\"description\":\"Treuh\u00e4nder und Treuhand in Solothurn | Solothurn Treuhand\",\"publisher\":{\"@id\":\"https:\/\/www.rh-partner.ch\/de\/#organization\"},\"potentialAction\":[{\"@type\":\"SearchAction\",\"target\":{\"@type\":\"EntryPoint\",\"urlTemplate\":\"https:\/\/www.rh-partner.ch\/de\/?s={search_term_string}\"},\"query-input\":{\"@type\":\"PropertyValueSpecification\",\"valueRequired\":true,\"valueName\":\"search_term_string\"}}],\"inLanguage\":\"de\"},{\"@type\":\"Organization\",\"@id\":\"https:\/\/www.rh-partner.ch\/de\/#organization\",\"name\":\"RHP R\u00fcfenacht Heer Partner\",\"url\":\"https:\/\/www.rh-partner.ch\/de\/\",\"logo\":{\"@type\":\"ImageObject\",\"inLanguage\":\"de\",\"@id\":\"https:\/\/www.rh-partner.ch\/de\/#\/schema\/logo\/image\/\",\"url\":\"https:\/\/www.rh-partner.ch\/wp-content\/uploads\/2024\/08\/RHP_logopng-1.png\",\"contentUrl\":\"https:\/\/www.rh-partner.ch\/wp-content\/uploads\/2024\/08\/RHP_logopng-1.png\",\"width\":652,\"height\":204,\"caption\":\"RHP R\u00fcfenacht Heer Partner\"},\"image\":{\"@id\":\"https:\/\/www.rh-partner.ch\/de\/#\/schema\/logo\/image\/\"}}]}<\/script>\n<!-- \/ Yoast SEO plugin. -->","yoast_head_json":{"title":"Dominik Tomas - RHP R\u00fcfenacht Heer Partner","robots":{"index":"index","follow":"follow","max-snippet":"max-snippet:-1","max-image-preview":"max-image-preview:large","max-video-preview":"max-video-preview:-1"},"canonical":"https:\/\/www.rh-partner.ch\/de\/team\/dominik-tomas\/","og_locale":"de_DE","og_type":"article","og_title":"Dominik Tomas - RHP R\u00fcfenacht Heer Partner","og_url":"https:\/\/www.rh-partner.ch\/de\/team\/dominik-tomas\/","og_site_name":"RHP R\u00fcfenacht Heer Partner","article_modified_time":"2025-06-02T10:07:44+00:00","twitter_card":"summary_large_image","twitter_misc":{"Gesch\u00e4tzte Lesezeit":"2\u00a0Minuten"},"schema":{"@context":"https:\/\/schema.org","@graph":[{"@type":"WebPage","@id":"https:\/\/www.rh-partner.ch\/de\/team\/dominik-tomas\/","url":"https:\/\/www.rh-partner.ch\/de\/team\/dominik-tomas\/","name":"Dominik Tomas - RHP R\u00fcfenacht Heer Partner","isPartOf":{"@id":"https:\/\/www.rh-partner.ch\/de\/#website"},"datePublished":"2024-07-05T08:56:16+00:00","dateModified":"2025-06-02T10:07:44+00:00","breadcrumb":{"@id":"https:\/\/www.rh-partner.ch\/de\/team\/dominik-tomas\/#breadcrumb"},"inLanguage":"de","potentialAction":[{"@type":"ReadAction","target":["https:\/\/www.rh-partner.ch\/de\/team\/dominik-tomas\/"]}]},{"@type":"BreadcrumbList","@id":"https:\/\/www.rh-partner.ch\/de\/team\/dominik-tomas\/#breadcrumb","itemListElement":[{"@type":"ListItem","position":1,"name":"Startseite","item":"https:\/\/www.rh-partner.ch\/de\/"},{"@type":"ListItem","position":2,"name":"Team","item":"https:\/\/www.rh-partner.ch\/de\/team\/"},{"@type":"ListItem","position":3,"name":"Dominik Tomas"}]},{"@type":"WebSite","@id":"https:\/\/www.rh-partner.ch\/de\/#website","url":"https:\/\/www.rh-partner.ch\/de\/","name":"RHP R\u00fcfenacht Heer Partner","description":"Treuh\u00e4nder und Treuhand in Solothurn | Solothurn Treuhand","publisher":{"@id":"https:\/\/www.rh-partner.ch\/de\/#organization"},"potentialAction":[{"@type":"SearchAction","target":{"@type":"EntryPoint","urlTemplate":"https:\/\/www.rh-partner.ch\/de\/?s={search_term_string}"},"query-input":{"@type":"PropertyValueSpecification","valueRequired":true,"valueName":"search_term_string"}}],"inLanguage":"de"},{"@type":"Organization","@id":"https:\/\/www.rh-partner.ch\/de\/#organization","name":"RHP R\u00fcfenacht Heer Partner","url":"https:\/\/www.rh-partner.ch\/de\/","logo":{"@type":"ImageObject","inLanguage":"de","@id":"https:\/\/www.rh-partner.ch\/de\/#\/schema\/logo\/image\/","url":"https:\/\/www.rh-partner.ch\/wp-content\/uploads\/2024\/08\/RHP_logopng-1.png","contentUrl":"https:\/\/www.rh-partner.ch\/wp-content\/uploads\/2024\/08\/RHP_logopng-1.png","width":652,"height":204,"caption":"RHP R\u00fcfenacht Heer Partner"},"image":{"@id":"https:\/\/www.rh-partner.ch\/de\/#\/schema\/logo\/image\/"}}]}},"_links":{"self":[{"href":"https:\/\/www.rh-partner.ch\/de\/wp-json\/wp\/v2\/pages\/5215","targetHints":{"allow":["GET"]}}],"collection":[{"href":"https:\/\/www.rh-partner.ch\/de\/wp-json\/wp\/v2\/pages"}],"about":[{"href":"https:\/\/www.rh-partner.ch\/de\/wp-json\/wp\/v2\/types\/page"}],"author":[{"embeddable":true,"href":"https:\/\/www.rh-partner.ch\/de\/wp-json\/wp\/v2\/users\/3"}],"replies":[{"embeddable":true,"href":"https:\/\/www.rh-partner.ch\/de\/wp-json\/wp\/v2\/comments?post=5215"}],"version-history":[{"count":14,"href":"https:\/\/www.rh-partner.ch\/de\/wp-json\/wp\/v2\/pages\/5215\/revisions"}],"predecessor-version":[{"id":7700,"href":"https:\/\/www.rh-partner.ch\/de\/wp-json\/wp\/v2\/pages\/5215\/revisions\/7700"}],"up":[{"embeddable":true,"href":"https:\/\/www.rh-partner.ch\/de\/wp-json\/wp\/v2\/pages\/1407"}],"wp:attachment":[{"href":"https:\/\/www.rh-partner.ch\/de\/wp-json\/wp\/v2\/media?parent=5215"}],"curies":[{"name":"wp","href":"https:\/\/api.w.org\/{rel}","templated":true}]}}