{"id":6612,"date":"2024-08-29T13:00:21","date_gmt":"2024-08-29T13:00:21","guid":{"rendered":"https:\/\/www.rh-partner.ch\/?page_id=6612"},"modified":"2024-08-31T19:14:57","modified_gmt":"2024-08-31T19:14:57","slug":"cloudbasierte-buchhaltung","status":"publish","type":"page","link":"https:\/\/www.rh-partner.ch\/de\/treuhand-dienstleistungen\/cloudbasierte-buchhaltung\/","title":{"rendered":"Cloudbasierte Buchhaltungssoftware"},"content":{"rendered":"<p><section data-bb-version=\"5.1.0\" id=\"bt_bb_section69feb5297d8b5\" class=\"bt_bb_section bt_bb_layout_boxed_1200 bt_bb_vertical_align_top bt_bb_top_spacing_normal bt_bb_bottom_spacing_none\"  data-bt-override-class=\"{&quot;bt_bb_top_spacing_&quot;:{&quot;current_class&quot;:&quot;bt_bb_top_spacing_normal&quot;,&quot;xxl&quot;:&quot;normal&quot;},&quot;bt_bb_bottom_spacing_&quot;:{&quot;current_class&quot;:&quot;bt_bb_bottom_spacing_none&quot;,&quot;xxl&quot;:&quot;none&quot;}}\"><div class=\"bt_bb_port\"><div class=\"bt_bb_cell\"><div class=\"bt_bb_cell_inner\"><div class=\"bt_bb_row \"  data-bt-override-class=\"{}\"><div class=\"bt_bb_row_holder\" ><div data-bb-version=\"5.1.0\"  class=\"bt_bb_column col-xl-8 col-xs-12 col-sm-12 col-md-12 col-lg-8 bt_bb_align_left bt_bb_padding_normal\"  data-width=\"8\" data-bt-override-class=\"{}\"><div class=\"bt_bb_column_content bt_bb_vertical_align_top bt_bb_color_scheme_\"><div class=\"bt_bb_column_content_inner\"><div data-bb-version=\"5.1.0\"  class=\"bt_bb_text\" ><\/p>\n<div id=\"c1689\" class=\"frame frame-default frame-type-textmedia frame-layout-0\">\n<header>\n<div class=\"linienrot\">\n<h6>Online Buchhaltung mit AbaWeb<\/h6>\n<\/div>\n<\/header>\n<div class=\"ce-textpic ce-center ce-above\">\n<div class=\"ce-bodytext\">\n<p>Ein Meilenstein in Bezug auf den Datenaustausch zwischen Kunde und Treuh\u00e4nder verk\u00f6rpert das Cloud Computing. Zentrales Element des Cloud Computings ist die Entkoppelung des Benutzers von Software, Rechenleistung und Speicher. W\u00e4hrend heute noch eine Mehrheit der Anwender auf lokalen Buchhaltungsprogrammen arbeitet und dabei Softwareaktualisierung, Wartung und Datenspeicherung eigenst\u00e4ndig sicherstellt, erm\u00f6glicht Cloud Computing die Auslagerung dieser Aufgaben an einen Treuh\u00e4nder (Online Treuhand), bei gleichzeitiger Effizienzsteigerung in der Kommunikation.<\/p>\n<p>Die Online Treuhand\u00a0L\u00f6sung von Abacus\u00a0(AbaWeb) bietet Ihnen folgende Vorteile:<\/p>\n<ul>\n<li>Einfacher und jederzeitiger Zugang zur Buchhaltung \u00fcber den Internet-Browser;<\/li>\n<li>Sicherstellung der Wartung;<\/li>\n<li>Sicherung und Updates der Buchhaltungssoftware;<\/li>\n<li>hohe Sicherheit und verschl\u00fcsselte Kommunikation;<\/li>\n<li>Effiziente und massgeschneiderte Treuhandunterst\u00fctzung.<\/li>\n<\/ul>\n<h6>Online Treuhand\u00a0\u00fcber den Internet Browser<\/h6>\n<p>Das online Treuhand Angebot AbaWeb ben\u00f6tigt nur einen installierten Browser. Sie brauchen keine lokal installierte Abacus Software und arbeiten problemlos via Internet auf unserem AbaWeb Treuhand-Server. Mit AbaWeb haben Benutzer die M\u00f6glichkeit, ihre Gesch\u00e4ftsabl\u00e4ufe effizienter zu gestalten, indem sie auf eine leistungsstarke Auswahl an Modulen zugreifen, die alle Bereiche von der Finanzbuchhaltung und dem Rechnungswesen bis hin zur Lohnabrechnung abdecken. Dank der benutzerfreundlichen Oberfl\u00e4che und den vielseitigen Anpassungsoptionen von AbaWeb findet jedes Unternehmen \u2013 unabh\u00e4ngig von Gr\u00f6\u00dfe oder Branche \u2013 eine L\u00f6sung, die genau auf seine individuellen Bed\u00fcrfnisse zugeschnitten ist.<\/p>\n<h6>Sicherheit im online Treuhand<\/h6>\n<p>Ihre Authentifizierung erfolgt anhand der Abacus Access App. Dies ist eine von Abacus ERP entwickelte 2-Faktoren-Authentisierung, die den Zugriff regelt und einschr\u00e4nkt. Alle Daten werden verschl\u00fcsselt versendet.<\/p>\n<\/div>\n<\/div>\n<\/div>\n<p>\n<\/div><\/div><\/div><\/div><div data-bb-version=\"5.1.0\"  class=\"bt_bb_column col-xl-4 col-xs-12 col-sm-12 col-md-12 col-lg-4 bt_bb_align_left bt_bb_padding_normal\"  data-width=\"4\" data-bt-override-class=\"{}\"><div class=\"bt_bb_column_content bt_bb_vertical_align_top bt_bb_color_scheme_\"><div class=\"bt_bb_column_content_inner\"><div data-bb-version=\"5.1.0\" class=\"bt_bb_card bt_bb_color_scheme_18 btNoImage\" style=\"; --card-primary-color:#000; --card-secondary-color:#e1ebeb;\"><div class=\"bt_bb_card_image\"><div class=\"bt_bb_image\" data-bt-override-class=\"{}\"><span><\/span><\/div><\/div><div class=\"bt_bb_card_content\"><div class=\"bt_bb_card_icon_box\"><\/div><div class=\"bt_bb_card_text_box\"><h3 class=\"bt_bb_card_title\"><a href=\"https:\/\/www.abacus.ch\/abaweb\/uebersicht\"  target=\"_self\">AbaWeb - Testversion<\/a><\/h3><div class=\"bt_bb_card_text\">Abacus bietet interessierten Treuhand-Kunden eine Demo-Version zum Testen an. Verschaffen Sie sich einen ersten \u00dcberblick.<\/div><\/div><\/div><\/div><\/div><\/div><\/div><\/div><\/div><div data-bb-version=\"5.1.0\" class=\"bt_bb_row \"  data-bt-override-class=\"{}\"><div class=\"bt_bb_row_holder\" ><div data-bb-version=\"5.1.0\"  class=\"bt_bb_column col-xl-12 col-xs-12 col-sm-12 col-md-12 col-lg-12 bt_bb_align_left bt_bb_padding_normal\"  data-width=\"12\" data-bt-override-class=\"{}\"><div class=\"bt_bb_column_content bt_bb_vertical_align_top bt_bb_color_scheme_\"><div class=\"bt_bb_column_content_inner\"><div data-bb-version=\"5.1.0\" class=\"bt_bb_separator bt_bb_border_style_none bt_bb_top_spacing_normal bt_bb_bottom_spacing_none\" data-bt-override-class=\"{&quot;bt_bb_top_spacing_&quot;:{&quot;current_class&quot;:&quot;bt_bb_top_spacing_normal&quot;,&quot;xxl&quot;:&quot;normal&quot;},&quot;bt_bb_bottom_spacing_&quot;:{&quot;current_class&quot;:&quot;bt_bb_bottom_spacing_none&quot;,&quot;xxl&quot;:&quot;none&quot;}}\"><\/div><\/div><\/div><\/div><\/div><\/div><\/div><!-- cell_inner --><\/div><!-- cell --><\/div><!-- port --><\/section><section data-bb-version=\"5.1.0\" id=\"bt_bb_section69feb5297defe\" class=\"bt_bb_section bt_bb_layout_wide bt_bb_vertical_align_top bt_bb_top_spacing_none bt_bb_bottom_spacing_none\"  data-bt-override-class=\"{&quot;bt_bb_top_spacing_&quot;:{&quot;current_class&quot;:&quot;bt_bb_top_spacing_none&quot;,&quot;xxl&quot;:&quot;none&quot;},&quot;bt_bb_bottom_spacing_&quot;:{&quot;current_class&quot;:&quot;bt_bb_bottom_spacing_none&quot;,&quot;xxl&quot;:&quot;none&quot;}}\"><div class=\"bt_bb_port\"><div class=\"bt_bb_cell\"><div class=\"bt_bb_cell_inner\"><div data-bb-version=\"5.1.0\" class=\"bt_bb_row \"  data-bt-override-class=\"{}\"><div class=\"bt_bb_row_holder\" ><\/div><\/div><div data-bb-version=\"5.1.0\" class=\"bt_bb_row bt_bb_row_push_right bt_bb_row_push_left bt_bb_content_wide bt_bb_row_width_boxed_1200  bt_bb_layout_special btOverlapRight\"  data-bt-override-class=\"{}\"><div class=\"bt_bb_row_holder\" ><div data-bb-version=\"5.1.0\"  class=\"bt_bb_column col-xl-6 col-xs-12 col-sm-6 col-md-6 col-lg-6 bt_bb_align_left bt_bb_color_scheme_6 bt_bb_padding_normal\" style=\"; --column-primary-color:#ffffff; --column-secondary-color:#962d37;\" data-width=\"6\" data-bt-override-class=\"{&quot;bt_bb_align_&quot;:{&quot;current_class&quot;:&quot;bt_bb_align_left&quot;,&quot;xxl&quot;:&quot;left&quot;},&quot;bt_bb_padding_&quot;:{&quot;current_class&quot;:&quot;bt_bb_padding_normal&quot;,&quot;xxl&quot;:&quot;normal&quot;}}\"><div class=\"bt_bb_column_content bt_bb_vertical_align_top bt_bb_color_scheme_6\"><div class=\"bt_bb_column_content_inner\"><header data-bb-version=\"5.1.0\" class=\"bt_bb_headline bt_bb_dash_none bt_bb_size_inherit bt_bb_align_inherit\" data-bt-override-class=\"{&quot;bt_bb_size_&quot;:{&quot;current_class&quot;:&quot;bt_bb_size_inherit&quot;,&quot;xxl&quot;:&quot;inherit&quot;},&quot;bt_bb_align_&quot;:{&quot;current_class&quot;:&quot;bt_bb_align_inherit&quot;,&quot;xxl&quot;:&quot;inherit&quot;}}\"><h4 class=\"bt_bb_headline_tag\"><span class=\"bt_bb_headline_content\"><span>Wir freuen uns auf Ihre Kontaktaufnahme<\/span><\/span><\/h4><\/header><div data-bb-version=\"5.1.0\" class=\"bt_bb_separator bt_bb_border_style_none bt_bb_top_spacing_normal bt_bb_bottom_spacing_none\" data-bt-override-class=\"{&quot;bt_bb_top_spacing_&quot;:{&quot;current_class&quot;:&quot;bt_bb_top_spacing_normal&quot;,&quot;xxl&quot;:&quot;normal&quot;},&quot;bt_bb_bottom_spacing_&quot;:{&quot;current_class&quot;:&quot;bt_bb_bottom_spacing_none&quot;,&quot;xxl&quot;:&quot;none&quot;}}\"><\/div><div data-bb-version=\"5.1.0\" class=\"bt_bb_contact_form_7\">\n<div class=\"wpcf7 no-js\" id=\"wpcf7-f7-o1\" lang=\"de-DE\" dir=\"ltr\">\n<div class=\"screen-reader-response\"><p role=\"status\" aria-live=\"polite\" aria-atomic=\"true\"><\/p> <ul><\/ul><\/div>\n<form action=\"\/de\/wp-json\/wp\/v2\/pages\/6612#wpcf7-f7-o1\" method=\"post\" class=\"wpcf7-form init\" aria-label=\"Kontaktformular\" novalidate=\"novalidate\" data-status=\"init\">\n<div style=\"display: none;\">\n<input type=\"hidden\" name=\"_wpcf7\" value=\"7\" \/>\n<input type=\"hidden\" name=\"_wpcf7_version\" value=\"5.9.8\" \/>\n<input type=\"hidden\" name=\"_wpcf7_locale\" value=\"de_DE\" \/>\n<input type=\"hidden\" name=\"_wpcf7_unit_tag\" value=\"wpcf7-f7-o1\" \/>\n<input type=\"hidden\" name=\"_wpcf7_container_post\" value=\"0\" \/>\n<input type=\"hidden\" name=\"_wpcf7_posted_data_hash\" value=\"\" \/>\n<input type=\"hidden\" name=\"_wpcf7_recaptcha_response\" value=\"\" \/>\n<\/div>\n<p><label> Name und Vorname<br \/>\n<span class=\"wpcf7-form-control-wrap\" data-name=\"your-name\"><input size=\"40\" maxlength=\"400\" class=\"wpcf7-form-control wpcf7-text wpcf7-validates-as-required\" autocomplete=\"name\" aria-required=\"true\" aria-invalid=\"false\" value=\"\" type=\"text\" name=\"your-name\" \/><\/span> <\/label>\n<\/p>\n<p><label> E-Mail-Adresse<br \/>\n<span class=\"wpcf7-form-control-wrap\" data-name=\"your-email\"><input size=\"40\" maxlength=\"400\" class=\"wpcf7-form-control wpcf7-email wpcf7-validates-as-required wpcf7-text wpcf7-validates-as-email\" autocomplete=\"email-adresse\" aria-required=\"true\" aria-invalid=\"false\" value=\"\" type=\"email\" name=\"your-email\" \/><\/span> <\/label>\n<\/p>\n<p><label> Telefon<br \/>\n<span class=\"wpcf7-form-control-wrap\" data-name=\"your-telefon\"><input size=\"40\" maxlength=\"400\" class=\"wpcf7-form-control wpcf7-text wpcf7-validates-as-required\" autocomplete=\"telefon\" aria-required=\"true\" aria-invalid=\"false\" value=\"\" type=\"text\" name=\"your-telefon\" \/><\/span> <\/label>\n<\/p>\n<p><label> Postleitzahl und Wohnadresse<br \/>\n<span class=\"wpcf7-form-control-wrap\" data-name=\"your-adress\"><input size=\"40\" maxlength=\"400\" class=\"wpcf7-form-control wpcf7-text wpcf7-validates-as-required\" autocomplete=\"adresse\" aria-required=\"true\" aria-invalid=\"false\" value=\"\" type=\"text\" name=\"your-adress\" \/><\/span> <\/label>\n<\/p>\n<p><label> Ihre Anfrage<br \/>\n<span class=\"wpcf7-form-control-wrap\" data-name=\"your-message\"><textarea cols=\"40\" rows=\"10\" maxlength=\"2000\" class=\"wpcf7-form-control wpcf7-textarea\" aria-invalid=\"false\" name=\"your-message\"><\/textarea><\/span> <\/label>\n<\/p>\n<p><span class=\"wpcf7-form-control-wrap\" data-name=\"accept-this-1\"><span class=\"wpcf7-form-control wpcf7-acceptance\"><span class=\"wpcf7-list-item\"><label><input type=\"checkbox\" name=\"accept-this-1\" value=\"1\" aria-invalid=\"false\" \/><span class=\"wpcf7-list-item-label\">Ich habe die <a href=\"\/de\/treuhand-dienstleistungen\/datenschutzerklaerung\/\" target=\"_blank\">Datenschutzerkl\u00e4rung<\/a> gelesen und bin damit einverstanden.<\/span><\/label><\/span><\/span><\/span>\n<\/p>\n<p><input class=\"wpcf7-form-control wpcf7-submit has-spinner\" type=\"submit\" value=\"senden\" \/>\n<\/p><input type='hidden' class='wpcf7-pum' value='{\"closepopup\":false,\"closedelay\":0,\"openpopup\":false,\"openpopup_id\":0}' \/><div class=\"wpcf7-response-output\" aria-hidden=\"true\"><\/div>\n<\/form>\n<\/div>\n<\/div><\/div><\/div><\/div><div data-bb-version=\"5.1.0\"  class=\"bt_bb_column col-xl-6 col-xs-12 col-sm-6 col-md-6 col-lg-6 bt_bb_align_left bt_bb_padding_normal\"  data-width=\"6\" data-bt-override-class=\"{}\"><div class=\"bt_bb_column_content bt_bb_vertical_align_top bt_bb_color_scheme_\"><div class=\"bt_bb_column_content_inner\"><div data-bb-version=\"5.1.0\" class=\"bt_bb_image bt_bb_shape_square bt_bb_target_self bt_bb_align_inherit bt_bb_hover_style_simple bt_bb_content_display_always bt_bb_content_align_middle\" data-bt-override-class=\"{&quot;bt_bb_align_&quot;:{&quot;current_class&quot;:&quot;bt_bb_align_inherit&quot;,&quot;xxl&quot;:&quot;inherit&quot;},&quot;bt_bb_content_display_&quot;:{&quot;current_class&quot;:&quot;bt_bb_content_display_always&quot;,&quot;xxl&quot;:&quot;always&quot;}}\"><span><img loading=\"lazy\" decoding=\"async\" width=\"320\" height=\"400\" src=\"https:\/\/www.rh-partner.ch\/wp-content\/uploads\/2024\/06\/Ruefeancht-Mark_freigestellt-1508x1885-1-320x400.png\" class=\"attachment-boldthemes_small size-boldthemes_small\" alt=\"https:\/\/www.rh-partner.ch\/wp-content\/uploads\/2024\/06\/Ruefeancht-Mark_freigestellt-1508x1885-1-320x400.png\" data-full_image_src=\"https:\/\/www.rh-partner.ch\/wp-content\/uploads\/2024\/06\/Ruefeancht-Mark_freigestellt-1508x1885-1.png\" title=\"Ruefeancht-Mark_freigestellt-1508x1885\" srcset=\"https:\/\/www.rh-partner.ch\/wp-content\/uploads\/2024\/06\/Ruefeancht-Mark_freigestellt-1508x1885-1-320x400.png 320w, https:\/\/www.rh-partner.ch\/wp-content\/uploads\/2024\/06\/Ruefeancht-Mark_freigestellt-1508x1885-1-640x800.png 640w, https:\/\/www.rh-partner.ch\/wp-content\/uploads\/2024\/06\/Ruefeancht-Mark_freigestellt-1508x1885-1-1280x1600.png 1280w, https:\/\/www.rh-partner.ch\/wp-content\/uploads\/2024\/06\/Ruefeancht-Mark_freigestellt-1508x1885-1-768x960.png 768w, https:\/\/www.rh-partner.ch\/wp-content\/uploads\/2024\/06\/Ruefeancht-Mark_freigestellt-1508x1885-1-1229x1536.png 1229w, https:\/\/www.rh-partner.ch\/wp-content\/uploads\/2024\/06\/Ruefeancht-Mark_freigestellt-1508x1885-1.png 1508w\" sizes=\"auto, (max-width: 320px) 100vw, 320px\" \/><\/span><\/div><div data-bb-version=\"5.1.0\" class=\"bt_bb_separator bt_bb_border_style_none bt_bb_top_spacing_normal bt_bb_bottom_spacing_none\" data-bt-override-class=\"{&quot;bt_bb_top_spacing_&quot;:{&quot;current_class&quot;:&quot;bt_bb_top_spacing_normal&quot;,&quot;xxl&quot;:&quot;normal&quot;},&quot;bt_bb_bottom_spacing_&quot;:{&quot;current_class&quot;:&quot;bt_bb_bottom_spacing_none&quot;,&quot;xxl&quot;:&quot;none&quot;}}\"><\/div><div data-bb-version=\"5.1.0\"  class=\"bt_bb_text\" ><\/p>\n<p><strong>Mark R\u00fcfenacht, Leiter Treuhand<\/strong><\/p>\n<p><em>dipl. Wirtschaftspr\u00fcfer \/ M.A. HSG<\/em><\/p>\n<p>\n<\/div><\/div><\/div><\/div><\/div><\/div><\/div><!-- cell_inner --><\/div><!-- cell --><\/div><!-- port --><\/section><\/p>\n","protected":false},"excerpt":{"rendered":"","protected":false},"author":3,"featured_media":0,"parent":3735,"menu_order":0,"comment_status":"closed","ping_status":"closed","template":"","meta":{"footnotes":""},"class_list":["post-6612","page","type-page","status-publish","hentry"],"yoast_head":"<!-- This site is optimized with the Yoast SEO plugin v23.7 - https:\/\/yoast.com\/wordpress\/plugins\/seo\/ -->\n<title>Cloudbasierte Buchhaltungssoftware - RHP R\u00fcfenacht Heer Partner<\/title>\n<meta name=\"robots\" content=\"index, follow, max-snippet:-1, max-image-preview:large, max-video-preview:-1\" \/>\n<link rel=\"canonical\" href=\"https:\/\/www.rh-partner.ch\/de\/treuhand-dienstleistungen\/cloudbasierte-buchhaltung\/\" \/>\n<meta property=\"og:locale\" content=\"de_DE\" \/>\n<meta property=\"og:type\" content=\"article\" \/>\n<meta property=\"og:title\" content=\"Cloudbasierte Buchhaltungssoftware - RHP R\u00fcfenacht Heer Partner\" \/>\n<meta property=\"og:url\" content=\"https:\/\/www.rh-partner.ch\/de\/treuhand-dienstleistungen\/cloudbasierte-buchhaltung\/\" \/>\n<meta property=\"og:site_name\" content=\"RHP R\u00fcfenacht Heer Partner\" \/>\n<meta property=\"article:modified_time\" content=\"2024-08-31T19:14:57+00:00\" \/>\n<meta name=\"twitter:card\" content=\"summary_large_image\" \/>\n<meta name=\"twitter:label1\" content=\"Gesch\u00e4tzte Lesezeit\" \/>\n\t<meta name=\"twitter:data1\" content=\"5\u00a0Minuten\" \/>\n<script type=\"application\/ld+json\" class=\"yoast-schema-graph\">{\"@context\":\"https:\/\/schema.org\",\"@graph\":[{\"@type\":\"WebPage\",\"@id\":\"https:\/\/www.rh-partner.ch\/de\/treuhand-dienstleistungen\/cloudbasierte-buchhaltung\/\",\"url\":\"https:\/\/www.rh-partner.ch\/de\/treuhand-dienstleistungen\/cloudbasierte-buchhaltung\/\",\"name\":\"Cloudbasierte Buchhaltungssoftware - RHP R\u00fcfenacht Heer Partner\",\"isPartOf\":{\"@id\":\"https:\/\/www.rh-partner.ch\/de\/#website\"},\"datePublished\":\"2024-08-29T13:00:21+00:00\",\"dateModified\":\"2024-08-31T19:14:57+00:00\",\"breadcrumb\":{\"@id\":\"https:\/\/www.rh-partner.ch\/de\/treuhand-dienstleistungen\/cloudbasierte-buchhaltung\/#breadcrumb\"},\"inLanguage\":\"de\",\"potentialAction\":[{\"@type\":\"ReadAction\",\"target\":[\"https:\/\/www.rh-partner.ch\/de\/treuhand-dienstleistungen\/cloudbasierte-buchhaltung\/\"]}]},{\"@type\":\"BreadcrumbList\",\"@id\":\"https:\/\/www.rh-partner.ch\/de\/treuhand-dienstleistungen\/cloudbasierte-buchhaltung\/#breadcrumb\",\"itemListElement\":[{\"@type\":\"ListItem\",\"position\":1,\"name\":\"Startseite\",\"item\":\"https:\/\/www.rh-partner.ch\/de\/\"},{\"@type\":\"ListItem\",\"position\":2,\"name\":\"Treuhand Dienstleistungen\",\"item\":\"https:\/\/www.rh-partner.ch\/de\/treuhand-dienstleistungen\/\"},{\"@type\":\"ListItem\",\"position\":3,\"name\":\"Cloudbasierte Buchhaltungssoftware\"}]},{\"@type\":\"WebSite\",\"@id\":\"https:\/\/www.rh-partner.ch\/de\/#website\",\"url\":\"https:\/\/www.rh-partner.ch\/de\/\",\"name\":\"RHP R\u00fcfenacht Heer Partner\",\"description\":\"Treuh\u00e4nder und Treuhand in Solothurn | Solothurn Treuhand\",\"publisher\":{\"@id\":\"https:\/\/www.rh-partner.ch\/de\/#organization\"},\"potentialAction\":[{\"@type\":\"SearchAction\",\"target\":{\"@type\":\"EntryPoint\",\"urlTemplate\":\"https:\/\/www.rh-partner.ch\/de\/?s={search_term_string}\"},\"query-input\":{\"@type\":\"PropertyValueSpecification\",\"valueRequired\":true,\"valueName\":\"search_term_string\"}}],\"inLanguage\":\"de\"},{\"@type\":\"Organization\",\"@id\":\"https:\/\/www.rh-partner.ch\/de\/#organization\",\"name\":\"RHP R\u00fcfenacht Heer Partner\",\"url\":\"https:\/\/www.rh-partner.ch\/de\/\",\"logo\":{\"@type\":\"ImageObject\",\"inLanguage\":\"de\",\"@id\":\"https:\/\/www.rh-partner.ch\/de\/#\/schema\/logo\/image\/\",\"url\":\"https:\/\/www.rh-partner.ch\/wp-content\/uploads\/2024\/08\/RHP_logopng-1.png\",\"contentUrl\":\"https:\/\/www.rh-partner.ch\/wp-content\/uploads\/2024\/08\/RHP_logopng-1.png\",\"width\":652,\"height\":204,\"caption\":\"RHP R\u00fcfenacht Heer Partner\"},\"image\":{\"@id\":\"https:\/\/www.rh-partner.ch\/de\/#\/schema\/logo\/image\/\"}}]}<\/script>\n<!-- \/ Yoast SEO plugin. -->","yoast_head_json":{"title":"Cloudbasierte Buchhaltungssoftware - RHP R\u00fcfenacht Heer Partner","robots":{"index":"index","follow":"follow","max-snippet":"max-snippet:-1","max-image-preview":"max-image-preview:large","max-video-preview":"max-video-preview:-1"},"canonical":"https:\/\/www.rh-partner.ch\/de\/treuhand-dienstleistungen\/cloudbasierte-buchhaltung\/","og_locale":"de_DE","og_type":"article","og_title":"Cloudbasierte Buchhaltungssoftware - RHP R\u00fcfenacht Heer Partner","og_url":"https:\/\/www.rh-partner.ch\/de\/treuhand-dienstleistungen\/cloudbasierte-buchhaltung\/","og_site_name":"RHP R\u00fcfenacht Heer Partner","article_modified_time":"2024-08-31T19:14:57+00:00","twitter_card":"summary_large_image","twitter_misc":{"Gesch\u00e4tzte Lesezeit":"5\u00a0Minuten"},"schema":{"@context":"https:\/\/schema.org","@graph":[{"@type":"WebPage","@id":"https:\/\/www.rh-partner.ch\/de\/treuhand-dienstleistungen\/cloudbasierte-buchhaltung\/","url":"https:\/\/www.rh-partner.ch\/de\/treuhand-dienstleistungen\/cloudbasierte-buchhaltung\/","name":"Cloudbasierte Buchhaltungssoftware - RHP R\u00fcfenacht Heer Partner","isPartOf":{"@id":"https:\/\/www.rh-partner.ch\/de\/#website"},"datePublished":"2024-08-29T13:00:21+00:00","dateModified":"2024-08-31T19:14:57+00:00","breadcrumb":{"@id":"https:\/\/www.rh-partner.ch\/de\/treuhand-dienstleistungen\/cloudbasierte-buchhaltung\/#breadcrumb"},"inLanguage":"de","potentialAction":[{"@type":"ReadAction","target":["https:\/\/www.rh-partner.ch\/de\/treuhand-dienstleistungen\/cloudbasierte-buchhaltung\/"]}]},{"@type":"BreadcrumbList","@id":"https:\/\/www.rh-partner.ch\/de\/treuhand-dienstleistungen\/cloudbasierte-buchhaltung\/#breadcrumb","itemListElement":[{"@type":"ListItem","position":1,"name":"Startseite","item":"https:\/\/www.rh-partner.ch\/de\/"},{"@type":"ListItem","position":2,"name":"Treuhand Dienstleistungen","item":"https:\/\/www.rh-partner.ch\/de\/treuhand-dienstleistungen\/"},{"@type":"ListItem","position":3,"name":"Cloudbasierte Buchhaltungssoftware"}]},{"@type":"WebSite","@id":"https:\/\/www.rh-partner.ch\/de\/#website","url":"https:\/\/www.rh-partner.ch\/de\/","name":"RHP R\u00fcfenacht Heer Partner","description":"Treuh\u00e4nder und Treuhand in Solothurn | Solothurn Treuhand","publisher":{"@id":"https:\/\/www.rh-partner.ch\/de\/#organization"},"potentialAction":[{"@type":"SearchAction","target":{"@type":"EntryPoint","urlTemplate":"https:\/\/www.rh-partner.ch\/de\/?s={search_term_string}"},"query-input":{"@type":"PropertyValueSpecification","valueRequired":true,"valueName":"search_term_string"}}],"inLanguage":"de"},{"@type":"Organization","@id":"https:\/\/www.rh-partner.ch\/de\/#organization","name":"RHP R\u00fcfenacht Heer Partner","url":"https:\/\/www.rh-partner.ch\/de\/","logo":{"@type":"ImageObject","inLanguage":"de","@id":"https:\/\/www.rh-partner.ch\/de\/#\/schema\/logo\/image\/","url":"https:\/\/www.rh-partner.ch\/wp-content\/uploads\/2024\/08\/RHP_logopng-1.png","contentUrl":"https:\/\/www.rh-partner.ch\/wp-content\/uploads\/2024\/08\/RHP_logopng-1.png","width":652,"height":204,"caption":"RHP R\u00fcfenacht Heer Partner"},"image":{"@id":"https:\/\/www.rh-partner.ch\/de\/#\/schema\/logo\/image\/"}}]}},"_links":{"self":[{"href":"https:\/\/www.rh-partner.ch\/de\/wp-json\/wp\/v2\/pages\/6612","targetHints":{"allow":["GET"]}}],"collection":[{"href":"https:\/\/www.rh-partner.ch\/de\/wp-json\/wp\/v2\/pages"}],"about":[{"href":"https:\/\/www.rh-partner.ch\/de\/wp-json\/wp\/v2\/types\/page"}],"author":[{"embeddable":true,"href":"https:\/\/www.rh-partner.ch\/de\/wp-json\/wp\/v2\/users\/3"}],"replies":[{"embeddable":true,"href":"https:\/\/www.rh-partner.ch\/de\/wp-json\/wp\/v2\/comments?post=6612"}],"version-history":[{"count":24,"href":"https:\/\/www.rh-partner.ch\/de\/wp-json\/wp\/v2\/pages\/6612\/revisions"}],"predecessor-version":[{"id":6709,"href":"https:\/\/www.rh-partner.ch\/de\/wp-json\/wp\/v2\/pages\/6612\/revisions\/6709"}],"up":[{"embeddable":true,"href":"https:\/\/www.rh-partner.ch\/de\/wp-json\/wp\/v2\/pages\/3735"}],"wp:attachment":[{"href":"https:\/\/www.rh-partner.ch\/de\/wp-json\/wp\/v2\/media?parent=6612"}],"curies":[{"name":"wp","href":"https:\/\/api.w.org\/{rel}","templated":true}]}}