{"id":6704,"date":"2024-09-02T14:14:36","date_gmt":"2024-09-02T14:14:36","guid":{"rendered":"https:\/\/www.rh-partner.ch\/?page_id=6704"},"modified":"2024-09-10T17:37:29","modified_gmt":"2024-09-10T17:37:29","slug":"steuererklaerung-tipps-und-tricks-fuer-privatpersonen","status":"publish","type":"page","link":"https:\/\/www.rh-partner.ch\/de\/steuererklaerung-tipps-und-tricks-fuer-privatpersonen\/","title":{"rendered":"Steuererkl\u00e4rung &#8211; Tipps und Tricks f\u00fcr Privatpersonen"},"content":{"rendered":"<p><section data-bb-version=\"5.1.0\" id=\"bt_bb_section69f3abdc4a26a\" class=\"bt_bb_section bt_bb_layout_boxed_1200 bt_bb_vertical_align_top bt_bb_top_spacing_normal bt_bb_bottom_spacing_none\"  data-bt-override-class=\"{&quot;bt_bb_top_spacing_&quot;:{&quot;current_class&quot;:&quot;bt_bb_top_spacing_normal&quot;,&quot;xxl&quot;:&quot;normal&quot;},&quot;bt_bb_bottom_spacing_&quot;:{&quot;current_class&quot;:&quot;bt_bb_bottom_spacing_none&quot;,&quot;xxl&quot;:&quot;none&quot;}}\"><div class=\"bt_bb_port\"><div class=\"bt_bb_cell\"><div class=\"bt_bb_cell_inner\"><div class=\"bt_bb_row \"  data-bt-override-class=\"{}\"><div class=\"bt_bb_row_holder\" ><div data-bb-version=\"5.1.0\"  class=\"bt_bb_column col-xl-8 col-xs-12 col-sm-12 col-md-12 col-lg-8 bt_bb_align_left bt_bb_padding_normal\"  data-width=\"8\" data-bt-override-class=\"{}\"><div class=\"bt_bb_column_content bt_bb_vertical_align_top bt_bb_color_scheme_\"><div class=\"bt_bb_column_content_inner\"><div data-bb-version=\"5.1.0\"  class=\"bt_bb_text\" ><\/p>\n<h6>1. Eigenheim<\/h6>\n<p>In den meisten Kantonen ist es f\u00fcr die Steuerpflichtigen w\u00e4hlbar, ob die effektiven Unterhaltskosten oder ein Pauschalabzug (meist 10 bis 20% des Eigenmietwertes je nach Baujahr) geltend gemacht wird. Deshalb kann eine Steuerplanung Sinn machen: In den Jahren mit wenig Unterhaltskosten macht man mit von Vorteil den Pauschalabzug geltend, wohingegen in Jahren, in denen die Kosten hoch sind, man die effektiven Kosten abzieht. Gr\u00f6ssere Sanierungen sollten auf mehrere Jahre verteilt werden, so kann die Steuerprogression mehrmals gebrochen werden.<\/p>\n<h6>2. Vorsorge<\/h6>\n<p>Viele Erwerbst\u00e4tige haben ein Potential f\u00fcr freiwillige Eink\u00e4ufe in die Pensionskasse. Solche Eink\u00e4ufe sind steuerlich abzugsf\u00e4hig. Die entsprechenden m\u00f6glichen Einkaufsbetr\u00e4ge k\u00f6nnen bei der Pensionskasse angefragt werden. Zus\u00e4tzlich besteht die M\u00f6glichkeit, in die 3. S\u00e4ule zu investieren. Der derzeitige j\u00e4hrliche Maximalbetrag f\u00fcr unselbst\u00e4ndig Erwerbende betr\u00e4gt CHF 7\u2019056 (g\u00fcltig ab 1. Januar 2024).<\/p>\n<h6>3. Schulden<\/h6>\n<p>Grunds\u00e4tzlich sind s\u00e4mtliche Schulden steuerlich abzugsf\u00e4hig. Dies gilt f\u00fcr Hypotheken, Privatdarlehen oder Kleinkredite und weitere belegbare Schulden. Zu beachten ist, dass auch Steuerschulden per Ende Jahr abgezogen werden k\u00f6nnen. Schulden reduzieren das Verm\u00f6gen und damit die Verm\u00f6genssteuer. Ebenso k\u00f6nnen alle geschuldeten Zinsen vom Einkommen abgezogen werden, solange die Obergrenze \u2013 Verm\u00f6gensertr\u00e4ge plus 50\u2009\u2019000 Franken \u2013 nicht \u00fcberschritten wird.<\/p>\n<h6>4. Spenden<\/h6>\n<p>Spenden an gemeinn\u00fctzige Institutionen in der Schweiz sind steuerlich bis zu 20% der steuerbaren Eink\u00fcnfte abzugsf\u00e4hig. Da die Ausgaben belegt werden m\u00fcssen, ist es wichtig, dass die entsprechenden Ausgabenbelege w\u00e4hrend des Jahres gesammelt werden.<\/p>\n<h6>5. Vorauszahlung der Steuern<\/h6>\n<p>Oftmals lohnt es sich, die Steuern komplett im Voraus zu bezahlen. Die meisten Kantone und Gemeinden belohnen den vorauszahlenden Steuerpflichtigen mit einem Zinssatz.<\/p>\n<h6>6. Lotto<\/h6>\n<p>Einsatzkosten von Wettbewerben (Lotto) k\u00f6nnen im gleichen Jahr mit steuerbaren Gewinnen (d.h. bei Einzelgewinnen \u00fcber CHF 1\u2019000) im Umfang von 5% oder maximal CHF 5\u2019000 abgezogen werden. Die Eins\u00e4tze sind im Detail nachzuweisen, weshalb es empfehlenswert ist, alle \u201eNieten\u201c aufzubewahren.<\/p>\n<h6>7. Verrechnungssteuer<\/h6>\n<p>Bei Kapitalertr\u00e4gen wie Bankzinsen, Dividenden von Schweizer Aktien oder Aussch\u00fcttungen von Schweizer Fonds wird die 35%ige Verrechnungssteuer in Abzug gebracht. Mit der Steuererkl\u00e4rung muss der entsprechende Ertrag als Einkommen deklariert werden, anschliessend wird die Verrechnungssteuer zur\u00fcckerstattet bzw. mit dem geschuldeten Steuerbetrag verrechnet.<\/p>\n<h6>8. Ausl\u00e4ndische Quellensteuern<\/h6>\n<p>Auch ausl\u00e4ndische Ertr\u00e4ge m\u00fcssen in der Schweiz als Einkommen deklariert werden, womit allenfalls eine doppelte Besteuerung erfolgt, sofern auf diesen Ertr\u00e4gen ausl\u00e4ndische Quellensteuern anfallen. Bei den Staaten, mit denen die Schweiz ein Doppelbesteuerungsabkommen abgeschlossen hat, besteht meist die M\u00f6glichkeit, einen Teil der ausl\u00e4ndischen Quellensteuer zur\u00fcckzufordern. F\u00fcr die im jeweiligen Staat verbleibende, nicht r\u00fcckforderbare Steuer muss die Schweiz aufgrund der Abkommen die pauschale Steueranrechnung gew\u00e4hren (Formular DA-1).<\/p>\n<h6>9. Wahl der Obligationen<\/h6>\n<p>Interessant ist\u00a0der Erwerb von\u00a0Obligationen unter pari, also unter dem Nominalbetrag, da die Differenz zum sp\u00e4teren R\u00fcckzahlungsbetrag steuerfreier Kapitalgewinn ist und nur der Zinsertrag zu versteuern ist.<\/p>\n<h6>10. Erwerbsunterbr\u00fcche planen<\/h6>\n<p>Sollte eine l\u00e4ngere Weltreise oder eine Vollzeit-Weiterbildung geplant sein, ist es ratsam, diese \u00fcber einen Jahreswechsel zu legen. Damit kann die Einkommensprogression am wirkungsvollsten gebrochen werden und man kann die Steuerbelastung reduzieren.<\/p>\n<p>\n<\/div><\/div><\/div><\/div><div data-bb-version=\"5.1.0\"  class=\"bt_bb_column col-xl-4 col-xs-12 col-sm-12 col-md-12 col-lg-4 bt_bb_align_left bt_bb_padding_normal\"  data-width=\"4\" data-bt-override-class=\"{}\"><div class=\"bt_bb_column_content bt_bb_vertical_align_top bt_bb_color_scheme_\"><div class=\"bt_bb_column_content_inner\"><div data-bb-version=\"5.1.0\" class=\"bt_bb_card bt_bb_color_scheme_18 btNoImage\" style=\"; --card-primary-color:#000; --card-secondary-color:#e1ebeb;\"><div class=\"bt_bb_card_image\"><div class=\"bt_bb_image\" data-bt-override-class=\"{}\"><span><\/span><\/div><\/div><div class=\"bt_bb_card_content\"><div class=\"bt_bb_card_icon_box\"><\/div><div class=\"bt_bb_card_text_box\"><h3 class=\"bt_bb_card_title\"><a href=\"https:\/\/www.rh-partner.ch\/de\/treuhand-dienstleistungen\/steuerberatung\/vorsorgeberatung\/\"  target=\"_self\">Vorsorgeplanung<\/a><\/h3><div class=\"bt_bb_card_text\">Bei der Vorsorgeplanung sind steuerplanerische Elemente zu ber\u00fccksichtigen. Einkauf in die Pensionskasse, das Abw\u00e4gen von Kapitalbezug und Rente sowie das Sparen \u00fcber die dritte S\u00e4ule sind diesbez\u00fcglich wichtige Beispiele.<\/div><\/div><\/div><\/div><\/div><\/div><\/div><\/div><\/div><div data-bb-version=\"5.1.0\" class=\"bt_bb_row \"  data-bt-override-class=\"{}\"><div class=\"bt_bb_row_holder\" ><div data-bb-version=\"5.1.0\"  class=\"bt_bb_column col-xl-12 col-xs-12 col-sm-12 col-md-12 col-lg-12 bt_bb_align_left bt_bb_padding_normal\"  data-width=\"12\" data-bt-override-class=\"{}\"><div class=\"bt_bb_column_content bt_bb_vertical_align_top bt_bb_color_scheme_\"><div class=\"bt_bb_column_content_inner\"><div data-bb-version=\"5.1.0\" class=\"bt_bb_separator bt_bb_border_style_none bt_bb_top_spacing_normal bt_bb_bottom_spacing_none\" data-bt-override-class=\"{&quot;bt_bb_top_spacing_&quot;:{&quot;current_class&quot;:&quot;bt_bb_top_spacing_normal&quot;,&quot;xxl&quot;:&quot;normal&quot;},&quot;bt_bb_bottom_spacing_&quot;:{&quot;current_class&quot;:&quot;bt_bb_bottom_spacing_none&quot;,&quot;xxl&quot;:&quot;none&quot;}}\"><\/div><\/div><\/div><\/div><\/div><\/div><\/div><!-- cell_inner --><\/div><!-- cell --><\/div><!-- port --><\/section><section data-bb-version=\"5.1.0\" id=\"bt_bb_section69f3abdc4a8cb\" class=\"bt_bb_section bt_bb_layout_wide bt_bb_vertical_align_top bt_bb_top_spacing_none bt_bb_bottom_spacing_none\"  data-bt-override-class=\"{&quot;bt_bb_top_spacing_&quot;:{&quot;current_class&quot;:&quot;bt_bb_top_spacing_none&quot;,&quot;xxl&quot;:&quot;none&quot;},&quot;bt_bb_bottom_spacing_&quot;:{&quot;current_class&quot;:&quot;bt_bb_bottom_spacing_none&quot;,&quot;xxl&quot;:&quot;none&quot;}}\"><div class=\"bt_bb_port\"><div class=\"bt_bb_cell\"><div class=\"bt_bb_cell_inner\"><div data-bb-version=\"5.1.0\" class=\"bt_bb_row \"  data-bt-override-class=\"{}\"><div class=\"bt_bb_row_holder\" ><\/div><\/div><div data-bb-version=\"5.1.0\" class=\"bt_bb_row bt_bb_row_push_right bt_bb_row_push_left bt_bb_content_wide bt_bb_row_width_boxed_1200  bt_bb_layout_special btOverlapRight\"  data-bt-override-class=\"{}\"><div class=\"bt_bb_row_holder\" ><div data-bb-version=\"5.1.0\"  class=\"bt_bb_column col-xl-6 col-xs-12 col-sm-6 col-md-6 col-lg-6 bt_bb_align_left bt_bb_color_scheme_6 bt_bb_padding_normal\" style=\"; --column-primary-color:#ffffff; --column-secondary-color:#962d37;\" data-width=\"6\" data-bt-override-class=\"{&quot;bt_bb_align_&quot;:{&quot;current_class&quot;:&quot;bt_bb_align_left&quot;,&quot;xxl&quot;:&quot;left&quot;},&quot;bt_bb_padding_&quot;:{&quot;current_class&quot;:&quot;bt_bb_padding_normal&quot;,&quot;xxl&quot;:&quot;normal&quot;}}\"><div class=\"bt_bb_column_content bt_bb_vertical_align_top bt_bb_color_scheme_6\"><div class=\"bt_bb_column_content_inner\"><header data-bb-version=\"5.1.0\" class=\"bt_bb_headline bt_bb_dash_none bt_bb_size_inherit bt_bb_align_inherit\" data-bt-override-class=\"{&quot;bt_bb_size_&quot;:{&quot;current_class&quot;:&quot;bt_bb_size_inherit&quot;,&quot;xxl&quot;:&quot;inherit&quot;},&quot;bt_bb_align_&quot;:{&quot;current_class&quot;:&quot;bt_bb_align_inherit&quot;,&quot;xxl&quot;:&quot;inherit&quot;}}\"><h4 class=\"bt_bb_headline_tag\"><span class=\"bt_bb_headline_content\"><span>Wir freuen uns auf Ihre Kontaktaufnahme<\/span><\/span><\/h4><\/header><div data-bb-version=\"5.1.0\" class=\"bt_bb_separator bt_bb_border_style_none bt_bb_top_spacing_normal bt_bb_bottom_spacing_none\" data-bt-override-class=\"{&quot;bt_bb_top_spacing_&quot;:{&quot;current_class&quot;:&quot;bt_bb_top_spacing_normal&quot;,&quot;xxl&quot;:&quot;normal&quot;},&quot;bt_bb_bottom_spacing_&quot;:{&quot;current_class&quot;:&quot;bt_bb_bottom_spacing_none&quot;,&quot;xxl&quot;:&quot;none&quot;}}\"><\/div><div data-bb-version=\"5.1.0\" class=\"bt_bb_contact_form_7\">\n<div class=\"wpcf7 no-js\" id=\"wpcf7-f7-o1\" lang=\"de-DE\" dir=\"ltr\">\n<div class=\"screen-reader-response\"><p role=\"status\" aria-live=\"polite\" aria-atomic=\"true\"><\/p> <ul><\/ul><\/div>\n<form action=\"\/de\/wp-json\/wp\/v2\/pages\/6704#wpcf7-f7-o1\" method=\"post\" class=\"wpcf7-form init\" aria-label=\"Kontaktformular\" novalidate=\"novalidate\" data-status=\"init\">\n<div style=\"display: none;\">\n<input type=\"hidden\" name=\"_wpcf7\" value=\"7\" \/>\n<input type=\"hidden\" name=\"_wpcf7_version\" value=\"5.9.8\" \/>\n<input type=\"hidden\" name=\"_wpcf7_locale\" value=\"de_DE\" \/>\n<input type=\"hidden\" name=\"_wpcf7_unit_tag\" value=\"wpcf7-f7-o1\" \/>\n<input type=\"hidden\" name=\"_wpcf7_container_post\" value=\"0\" \/>\n<input type=\"hidden\" name=\"_wpcf7_posted_data_hash\" value=\"\" \/>\n<input type=\"hidden\" name=\"_wpcf7_recaptcha_response\" value=\"\" \/>\n<\/div>\n<p><label> Name und Vorname<br \/>\n<span class=\"wpcf7-form-control-wrap\" data-name=\"your-name\"><input size=\"40\" maxlength=\"400\" class=\"wpcf7-form-control wpcf7-text wpcf7-validates-as-required\" autocomplete=\"name\" aria-required=\"true\" aria-invalid=\"false\" value=\"\" type=\"text\" name=\"your-name\" \/><\/span> <\/label>\n<\/p>\n<p><label> E-Mail-Adresse<br \/>\n<span class=\"wpcf7-form-control-wrap\" data-name=\"your-email\"><input size=\"40\" maxlength=\"400\" class=\"wpcf7-form-control wpcf7-email wpcf7-validates-as-required wpcf7-text wpcf7-validates-as-email\" autocomplete=\"email-adresse\" aria-required=\"true\" aria-invalid=\"false\" value=\"\" type=\"email\" name=\"your-email\" \/><\/span> <\/label>\n<\/p>\n<p><label> Telefon<br \/>\n<span class=\"wpcf7-form-control-wrap\" data-name=\"your-telefon\"><input size=\"40\" maxlength=\"400\" class=\"wpcf7-form-control wpcf7-text wpcf7-validates-as-required\" autocomplete=\"telefon\" aria-required=\"true\" aria-invalid=\"false\" value=\"\" type=\"text\" name=\"your-telefon\" \/><\/span> <\/label>\n<\/p>\n<p><label> Postleitzahl und Wohnadresse<br \/>\n<span class=\"wpcf7-form-control-wrap\" data-name=\"your-adress\"><input size=\"40\" maxlength=\"400\" class=\"wpcf7-form-control wpcf7-text wpcf7-validates-as-required\" autocomplete=\"adresse\" aria-required=\"true\" aria-invalid=\"false\" value=\"\" type=\"text\" name=\"your-adress\" \/><\/span> <\/label>\n<\/p>\n<p><label> Ihre Anfrage<br \/>\n<span class=\"wpcf7-form-control-wrap\" data-name=\"your-message\"><textarea cols=\"40\" rows=\"10\" maxlength=\"2000\" class=\"wpcf7-form-control wpcf7-textarea\" aria-invalid=\"false\" name=\"your-message\"><\/textarea><\/span> <\/label>\n<\/p>\n<p><span class=\"wpcf7-form-control-wrap\" data-name=\"accept-this-1\"><span class=\"wpcf7-form-control wpcf7-acceptance\"><span class=\"wpcf7-list-item\"><label><input type=\"checkbox\" name=\"accept-this-1\" value=\"1\" aria-invalid=\"false\" \/><span class=\"wpcf7-list-item-label\">Ich habe die <a href=\"\/de\/treuhand-dienstleistungen\/datenschutzerklaerung\/\" target=\"_blank\">Datenschutzerkl\u00e4rung<\/a> gelesen und bin damit einverstanden.<\/span><\/label><\/span><\/span><\/span>\n<\/p>\n<p><input class=\"wpcf7-form-control wpcf7-submit has-spinner\" type=\"submit\" value=\"senden\" \/>\n<\/p><input type='hidden' class='wpcf7-pum' value='{\"closepopup\":false,\"closedelay\":0,\"openpopup\":false,\"openpopup_id\":0}' \/><div class=\"wpcf7-response-output\" aria-hidden=\"true\"><\/div>\n<\/form>\n<\/div>\n<\/div><\/div><\/div><\/div><div data-bb-version=\"5.1.0\"  class=\"bt_bb_column col-xl-6 col-xs-12 col-sm-6 col-md-6 col-lg-6 bt_bb_align_left bt_bb_padding_normal\"  data-width=\"6\" data-bt-override-class=\"{}\"><div class=\"bt_bb_column_content bt_bb_vertical_align_top bt_bb_color_scheme_\"><div class=\"bt_bb_column_content_inner\"><div data-bb-version=\"5.1.0\" class=\"bt_bb_image bt_bb_shape_square bt_bb_target_self bt_bb_align_inherit bt_bb_hover_style_simple bt_bb_content_display_always bt_bb_content_align_middle\" data-bt-override-class=\"{&quot;bt_bb_align_&quot;:{&quot;current_class&quot;:&quot;bt_bb_align_inherit&quot;,&quot;xxl&quot;:&quot;inherit&quot;},&quot;bt_bb_content_display_&quot;:{&quot;current_class&quot;:&quot;bt_bb_content_display_always&quot;,&quot;xxl&quot;:&quot;always&quot;}}\"><span><img loading=\"lazy\" decoding=\"async\" width=\"320\" height=\"400\" src=\"https:\/\/www.rh-partner.ch\/wp-content\/uploads\/2024\/06\/Ruefeancht-Mark_freigestellt-1508x1885-1-320x400.png\" class=\"attachment-boldthemes_small size-boldthemes_small\" alt=\"https:\/\/www.rh-partner.ch\/wp-content\/uploads\/2024\/06\/Ruefeancht-Mark_freigestellt-1508x1885-1-320x400.png\" data-full_image_src=\"https:\/\/www.rh-partner.ch\/wp-content\/uploads\/2024\/06\/Ruefeancht-Mark_freigestellt-1508x1885-1.png\" title=\"Ruefeancht-Mark_freigestellt-1508x1885\" srcset=\"https:\/\/www.rh-partner.ch\/wp-content\/uploads\/2024\/06\/Ruefeancht-Mark_freigestellt-1508x1885-1-320x400.png 320w, https:\/\/www.rh-partner.ch\/wp-content\/uploads\/2024\/06\/Ruefeancht-Mark_freigestellt-1508x1885-1-640x800.png 640w, https:\/\/www.rh-partner.ch\/wp-content\/uploads\/2024\/06\/Ruefeancht-Mark_freigestellt-1508x1885-1-1280x1600.png 1280w, https:\/\/www.rh-partner.ch\/wp-content\/uploads\/2024\/06\/Ruefeancht-Mark_freigestellt-1508x1885-1-768x960.png 768w, https:\/\/www.rh-partner.ch\/wp-content\/uploads\/2024\/06\/Ruefeancht-Mark_freigestellt-1508x1885-1-1229x1536.png 1229w, https:\/\/www.rh-partner.ch\/wp-content\/uploads\/2024\/06\/Ruefeancht-Mark_freigestellt-1508x1885-1.png 1508w\" sizes=\"auto, (max-width: 320px) 100vw, 320px\" \/><\/span><\/div><div data-bb-version=\"5.1.1\" class=\"bt_bb_separator bt_bb_border_style_none bt_bb_top_spacing_normal bt_bb_bottom_spacing_small\" data-bt-override-class=\"{&quot;bt_bb_top_spacing_&quot;:{&quot;current_class&quot;:&quot;bt_bb_top_spacing_normal&quot;,&quot;xxl&quot;:&quot;normal&quot;},&quot;bt_bb_bottom_spacing_&quot;:{&quot;current_class&quot;:&quot;bt_bb_bottom_spacing_small&quot;,&quot;xxl&quot;:&quot;small&quot;}}\"><\/div><div data-bb-version=\"5.1.0\"  class=\"bt_bb_text\" ><\/p>\n<p><strong>Mark R\u00fcfenacht, Leiter Treuhand<\/strong><\/p>\n<p><em>dipl. Wirtschaftspr\u00fcfer \/ M.A. HSG<\/em><\/p>\n<p>\n<\/div><\/div><\/div><\/div><\/div><\/div><\/div><!-- cell_inner --><\/div><!-- cell --><\/div><!-- port --><\/section><\/p>\n","protected":false},"excerpt":{"rendered":"","protected":false},"author":3,"featured_media":0,"parent":0,"menu_order":0,"comment_status":"closed","ping_status":"closed","template":"","meta":{"footnotes":""},"class_list":["post-6704","page","type-page","status-publish","hentry"],"yoast_head":"<!-- This site is optimized with the Yoast SEO plugin v23.7 - https:\/\/yoast.com\/wordpress\/plugins\/seo\/ -->\n<title>Steuererkl\u00e4rung - Tipps und Tricks f\u00fcr Privatpersonen - RHP R\u00fcfenacht Heer Partner<\/title>\n<meta name=\"description\" content=\"Steuertipps f\u00fcr Privatpersonen zur Optimierung der pers\u00f6nlichen Steuerbelastung im Kanton Solothurn und Kanton Bern.\" \/>\n<meta name=\"robots\" content=\"index, follow, max-snippet:-1, max-image-preview:large, max-video-preview:-1\" \/>\n<link rel=\"canonical\" href=\"https:\/\/www.rh-partner.ch\/de\/steuererklaerung-tipps-und-tricks-fuer-privatpersonen\/\" \/>\n<meta property=\"og:locale\" content=\"de_DE\" \/>\n<meta property=\"og:type\" content=\"article\" \/>\n<meta property=\"og:title\" content=\"Steuererkl\u00e4rung - Tipps und Tricks f\u00fcr Privatpersonen - RHP R\u00fcfenacht Heer Partner\" \/>\n<meta property=\"og:description\" content=\"Steuertipps f\u00fcr Privatpersonen zur Optimierung der pers\u00f6nlichen Steuerbelastung im Kanton Solothurn und Kanton Bern.\" \/>\n<meta property=\"og:url\" content=\"https:\/\/www.rh-partner.ch\/de\/steuererklaerung-tipps-und-tricks-fuer-privatpersonen\/\" \/>\n<meta property=\"og:site_name\" content=\"RHP R\u00fcfenacht Heer Partner\" \/>\n<meta property=\"article:modified_time\" content=\"2024-09-10T17:37:29+00:00\" \/>\n<meta name=\"twitter:card\" content=\"summary_large_image\" \/>\n<meta name=\"twitter:label1\" content=\"Gesch\u00e4tzte Lesezeit\" \/>\n\t<meta name=\"twitter:data1\" content=\"6\u00a0Minuten\" \/>\n<script type=\"application\/ld+json\" class=\"yoast-schema-graph\">{\"@context\":\"https:\/\/schema.org\",\"@graph\":[{\"@type\":\"WebPage\",\"@id\":\"https:\/\/www.rh-partner.ch\/de\/steuererklaerung-tipps-und-tricks-fuer-privatpersonen\/\",\"url\":\"https:\/\/www.rh-partner.ch\/de\/steuererklaerung-tipps-und-tricks-fuer-privatpersonen\/\",\"name\":\"Steuererkl\u00e4rung - Tipps und Tricks f\u00fcr Privatpersonen - RHP R\u00fcfenacht Heer Partner\",\"isPartOf\":{\"@id\":\"https:\/\/www.rh-partner.ch\/de\/#website\"},\"datePublished\":\"2024-09-02T14:14:36+00:00\",\"dateModified\":\"2024-09-10T17:37:29+00:00\",\"description\":\"Steuertipps f\u00fcr Privatpersonen zur Optimierung der pers\u00f6nlichen Steuerbelastung im Kanton Solothurn und Kanton Bern.\",\"breadcrumb\":{\"@id\":\"https:\/\/www.rh-partner.ch\/de\/steuererklaerung-tipps-und-tricks-fuer-privatpersonen\/#breadcrumb\"},\"inLanguage\":\"de\",\"potentialAction\":[{\"@type\":\"ReadAction\",\"target\":[\"https:\/\/www.rh-partner.ch\/de\/steuererklaerung-tipps-und-tricks-fuer-privatpersonen\/\"]}]},{\"@type\":\"BreadcrumbList\",\"@id\":\"https:\/\/www.rh-partner.ch\/de\/steuererklaerung-tipps-und-tricks-fuer-privatpersonen\/#breadcrumb\",\"itemListElement\":[{\"@type\":\"ListItem\",\"position\":1,\"name\":\"Startseite\",\"item\":\"https:\/\/www.rh-partner.ch\/de\/\"},{\"@type\":\"ListItem\",\"position\":2,\"name\":\"Steuererkl\u00e4rung &#8211; Tipps und Tricks f\u00fcr Privatpersonen\"}]},{\"@type\":\"WebSite\",\"@id\":\"https:\/\/www.rh-partner.ch\/de\/#website\",\"url\":\"https:\/\/www.rh-partner.ch\/de\/\",\"name\":\"RHP R\u00fcfenacht Heer Partner\",\"description\":\"Treuh\u00e4nder und Treuhand in Solothurn | Solothurn Treuhand\",\"publisher\":{\"@id\":\"https:\/\/www.rh-partner.ch\/de\/#organization\"},\"potentialAction\":[{\"@type\":\"SearchAction\",\"target\":{\"@type\":\"EntryPoint\",\"urlTemplate\":\"https:\/\/www.rh-partner.ch\/de\/?s={search_term_string}\"},\"query-input\":{\"@type\":\"PropertyValueSpecification\",\"valueRequired\":true,\"valueName\":\"search_term_string\"}}],\"inLanguage\":\"de\"},{\"@type\":\"Organization\",\"@id\":\"https:\/\/www.rh-partner.ch\/de\/#organization\",\"name\":\"RHP R\u00fcfenacht Heer Partner\",\"url\":\"https:\/\/www.rh-partner.ch\/de\/\",\"logo\":{\"@type\":\"ImageObject\",\"inLanguage\":\"de\",\"@id\":\"https:\/\/www.rh-partner.ch\/de\/#\/schema\/logo\/image\/\",\"url\":\"https:\/\/www.rh-partner.ch\/wp-content\/uploads\/2024\/08\/RHP_logopng-1.png\",\"contentUrl\":\"https:\/\/www.rh-partner.ch\/wp-content\/uploads\/2024\/08\/RHP_logopng-1.png\",\"width\":652,\"height\":204,\"caption\":\"RHP R\u00fcfenacht Heer Partner\"},\"image\":{\"@id\":\"https:\/\/www.rh-partner.ch\/de\/#\/schema\/logo\/image\/\"}}]}<\/script>\n<!-- \/ Yoast SEO plugin. -->","yoast_head_json":{"title":"Steuererkl\u00e4rung - Tipps und Tricks f\u00fcr Privatpersonen - RHP R\u00fcfenacht Heer Partner","description":"Steuertipps f\u00fcr Privatpersonen zur Optimierung der pers\u00f6nlichen Steuerbelastung im Kanton Solothurn und Kanton Bern.","robots":{"index":"index","follow":"follow","max-snippet":"max-snippet:-1","max-image-preview":"max-image-preview:large","max-video-preview":"max-video-preview:-1"},"canonical":"https:\/\/www.rh-partner.ch\/de\/steuererklaerung-tipps-und-tricks-fuer-privatpersonen\/","og_locale":"de_DE","og_type":"article","og_title":"Steuererkl\u00e4rung - Tipps und Tricks f\u00fcr Privatpersonen - RHP R\u00fcfenacht Heer Partner","og_description":"Steuertipps f\u00fcr Privatpersonen zur Optimierung der pers\u00f6nlichen Steuerbelastung im Kanton Solothurn und Kanton Bern.","og_url":"https:\/\/www.rh-partner.ch\/de\/steuererklaerung-tipps-und-tricks-fuer-privatpersonen\/","og_site_name":"RHP R\u00fcfenacht Heer Partner","article_modified_time":"2024-09-10T17:37:29+00:00","twitter_card":"summary_large_image","twitter_misc":{"Gesch\u00e4tzte Lesezeit":"6\u00a0Minuten"},"schema":{"@context":"https:\/\/schema.org","@graph":[{"@type":"WebPage","@id":"https:\/\/www.rh-partner.ch\/de\/steuererklaerung-tipps-und-tricks-fuer-privatpersonen\/","url":"https:\/\/www.rh-partner.ch\/de\/steuererklaerung-tipps-und-tricks-fuer-privatpersonen\/","name":"Steuererkl\u00e4rung - Tipps und Tricks f\u00fcr Privatpersonen - RHP R\u00fcfenacht Heer Partner","isPartOf":{"@id":"https:\/\/www.rh-partner.ch\/de\/#website"},"datePublished":"2024-09-02T14:14:36+00:00","dateModified":"2024-09-10T17:37:29+00:00","description":"Steuertipps f\u00fcr Privatpersonen zur Optimierung der pers\u00f6nlichen Steuerbelastung im Kanton Solothurn und Kanton Bern.","breadcrumb":{"@id":"https:\/\/www.rh-partner.ch\/de\/steuererklaerung-tipps-und-tricks-fuer-privatpersonen\/#breadcrumb"},"inLanguage":"de","potentialAction":[{"@type":"ReadAction","target":["https:\/\/www.rh-partner.ch\/de\/steuererklaerung-tipps-und-tricks-fuer-privatpersonen\/"]}]},{"@type":"BreadcrumbList","@id":"https:\/\/www.rh-partner.ch\/de\/steuererklaerung-tipps-und-tricks-fuer-privatpersonen\/#breadcrumb","itemListElement":[{"@type":"ListItem","position":1,"name":"Startseite","item":"https:\/\/www.rh-partner.ch\/de\/"},{"@type":"ListItem","position":2,"name":"Steuererkl\u00e4rung &#8211; Tipps und Tricks f\u00fcr Privatpersonen"}]},{"@type":"WebSite","@id":"https:\/\/www.rh-partner.ch\/de\/#website","url":"https:\/\/www.rh-partner.ch\/de\/","name":"RHP R\u00fcfenacht Heer Partner","description":"Treuh\u00e4nder und Treuhand in Solothurn | Solothurn Treuhand","publisher":{"@id":"https:\/\/www.rh-partner.ch\/de\/#organization"},"potentialAction":[{"@type":"SearchAction","target":{"@type":"EntryPoint","urlTemplate":"https:\/\/www.rh-partner.ch\/de\/?s={search_term_string}"},"query-input":{"@type":"PropertyValueSpecification","valueRequired":true,"valueName":"search_term_string"}}],"inLanguage":"de"},{"@type":"Organization","@id":"https:\/\/www.rh-partner.ch\/de\/#organization","name":"RHP R\u00fcfenacht Heer Partner","url":"https:\/\/www.rh-partner.ch\/de\/","logo":{"@type":"ImageObject","inLanguage":"de","@id":"https:\/\/www.rh-partner.ch\/de\/#\/schema\/logo\/image\/","url":"https:\/\/www.rh-partner.ch\/wp-content\/uploads\/2024\/08\/RHP_logopng-1.png","contentUrl":"https:\/\/www.rh-partner.ch\/wp-content\/uploads\/2024\/08\/RHP_logopng-1.png","width":652,"height":204,"caption":"RHP R\u00fcfenacht Heer Partner"},"image":{"@id":"https:\/\/www.rh-partner.ch\/de\/#\/schema\/logo\/image\/"}}]}},"_links":{"self":[{"href":"https:\/\/www.rh-partner.ch\/de\/wp-json\/wp\/v2\/pages\/6704","targetHints":{"allow":["GET"]}}],"collection":[{"href":"https:\/\/www.rh-partner.ch\/de\/wp-json\/wp\/v2\/pages"}],"about":[{"href":"https:\/\/www.rh-partner.ch\/de\/wp-json\/wp\/v2\/types\/page"}],"author":[{"embeddable":true,"href":"https:\/\/www.rh-partner.ch\/de\/wp-json\/wp\/v2\/users\/3"}],"replies":[{"embeddable":true,"href":"https:\/\/www.rh-partner.ch\/de\/wp-json\/wp\/v2\/comments?post=6704"}],"version-history":[{"count":8,"href":"https:\/\/www.rh-partner.ch\/de\/wp-json\/wp\/v2\/pages\/6704\/revisions"}],"predecessor-version":[{"id":7432,"href":"https:\/\/www.rh-partner.ch\/de\/wp-json\/wp\/v2\/pages\/6704\/revisions\/7432"}],"wp:attachment":[{"href":"https:\/\/www.rh-partner.ch\/de\/wp-json\/wp\/v2\/media?parent=6704"}],"curies":[{"name":"wp","href":"https:\/\/api.w.org\/{rel}","templated":true}]}}